{"id":10,"date":"2020-03-18T16:45:12","date_gmt":"2020-03-18T15:45:12","guid":{"rendered":"https:\/\/www.fair.zone\/?page_id=10"},"modified":"2024-07-01T13:10:16","modified_gmt":"2024-07-01T11:10:16","slug":"start","status":"publish","type":"page","link":"https:\/\/www.fair.zone\/de\/","title":{"rendered":"Start"},"content":{"rendered":"\n<h1 class=\"wp-block-heading\">FAIR ZONE entdecken<\/h1>\n\n\n              \n                <div class=\"slider-2 row\">\n\n                \n                  <a href=\"https:\/\/www.fair.zone\/de\/produkte\/garten\/\" class=\"item col-xs-12 col-sm-4\">\n                    <div class=\"image\">\n                      <img decoding=\"async\" src=\"https:\/\/www.fair.zone\/wp-content\/uploads\/2020\/03\/gardening.jpg\" alt=\"plastic free gardening\" \/>\n                    <\/div>\n                    <div class=\"text\">\n                      <h2>Mit FAIR ZONE plastikfrei g\u00e4rtnern<\/h2>\n                      <p>FAIRbanne Mikroplastik aus deinem Garten!<\/p>\n                    <\/div>\n                    <div class=\"link\">\n                      <p class=\"btn btn-primary\">Entdecken<\/p>\n                    <\/div>\n                  <\/a>\n\n                \n                  <a href=\"https:\/\/www.fair.zone\/de\/produkte\/freizeit\/\" class=\"item col-xs-12 col-sm-4\">\n                    <div class=\"image\">\n                      <img decoding=\"async\" src=\"https:\/\/www.fair.zone\/wp-content\/uploads\/2020\/03\/furoshiki.jpg\" alt=\"Furoshiki\" \/>\n                    <\/div>\n                    <div class=\"text\">\n                      <h2>Nachhaltig FAIRschenken<\/h2>\n                      <p>Sinnvolle &#038; sinnstiftende Geschenke<\/p>\n                    <\/div>\n                    <div class=\"link\">\n                      <p class=\"btn btn-primary\">Entdecken<\/p>\n                    <\/div>\n                  <\/a>\n\n                \n                  <a href=\"https:\/\/www.fair.zone\/de\/partner\/rice-carry\/\" class=\"item col-xs-12 col-sm-4\">\n                    <div class=\"image\">\n                      <img decoding=\"async\" src=\"https:\/\/www.fair.zone\/wp-content\/uploads\/2020\/03\/fair_trade_G.jpg\" alt=\"I made your bag\" \/>\n                    <\/div>\n                    <div class=\"text\">\n                      <h2>Was machen die Damen denn da?<\/h2>\n                      <p>Erfahre mehr zu unserem spannenden Projekt an Sri Lankas Ostk\u00fcste<\/p>\n                    <\/div>\n                    <div class=\"link\">\n                      <p class=\"btn btn-primary\">Entdecken<\/p>\n                    <\/div>\n                  <\/a>\n\n                \n                <\/div>\n\n              \n\n                \n                  <div class=\"cards-1\">\n                    <div class=\"row\">\n\n                    \n                      <div class=\"col-12 col-sm-6 col-md-4\">\n                        <a href=\"https:\/\/www.fair.zone\/de\/fair-zone\/we-%e2%99%a5-rubber\/\" class=\"item\">\n                          <div class=\"image\">\n                            <img decoding=\"async\" src=\"https:\/\/www.fair.zone\/wp-content\/uploads\/2020\/03\/we-love-rubber_1.jpg\" alt=\"We love Rubber\" \/>\n                          <\/div>\n                          <div class=\"text\">\n                            <h2>Darum lieben wir Naturkautschuk!<\/h2>\n                            <p>Was macht den Saft des Kautschukbaums zu so einem Allrounder in Haushalt &#038; Garten? \u2192 Erfahr es hier!<\/p>\n                          <\/div>\n                          <div class=\"link\">\n                            <p>Mehr erfahren<\/p>\n                          <\/div>\n                        <\/a>\n                      <\/div>\n\n                    \n                      <div class=\"col-12 col-sm-6 col-md-4\">\n                        <a href=\"https:\/\/www.fair.zone\/de\/fair-zone\/fuer-die-umwelt\/\" class=\"item\">\n                          <div class=\"image\">\n                            <img decoding=\"async\" src=\"https:\/\/www.fair.zone\/wp-content\/uploads\/2020\/03\/Protect.jpg\" alt=\"Protect your planet\" \/>\n                          <\/div>\n                          <div class=\"text\">\n                            <h2>Besch\u00fctze, was es wert ist<\/h2>\n                            <p>Worum geht es uns in der FAIR ZONE? Wie lautet der Anspruch? Wieso machen wir das, was wir tun? \u2192 Hier entlang.<\/p>\n                          <\/div>\n                          <div class=\"link\">\n                            <p>Mehr erfahren<\/p>\n                          <\/div>\n                        <\/a>\n                      <\/div>\n\n                    \n                      <div class=\"col-12 col-sm-6 col-md-4\">\n                        <a href=\"https:\/\/www.fair.zone\/de\/fair-zone\/prinzipien\/\" class=\"item\">\n                          <div class=\"image\">\n                            <img decoding=\"async\" src=\"https:\/\/www.fair.zone\/wp-content\/uploads\/2020\/03\/go-fair.jpg\" alt=\"Go Fair\" \/>\n                          <\/div>\n                          <div class=\"text\">\n                            <h2>Durch und durch fair &#038; sozial<\/h2>\n                            <p>Das bedeutet fairer Handel f\u00fcr uns. Das sind die Schritte, die wir gehen. \u2192 Schau hier nach, worauf es bei uns uns ankommt.<\/p>\n                          <\/div>\n                          <div class=\"link\">\n                            <p>Mehr erfahren<\/p>\n                          <\/div>\n                        <\/a>\n                      <\/div>\n\n                    \n                    <\/div>\n                  <\/div>\n\n                \n\n\n<div style=\"height:32px\" aria-hidden=\"true\" class=\"wp-block-spacer\"><\/div>\n\n\n\n<h2 class=\"wp-block-heading\"><strong>FAIR ZU MENSCH, UMWELT UND NATUR<\/strong><\/h2>\n\n\n\n<p>Vereint in der Leidenschaft f\u00fcr fairen Handel und Nachhaltigkeit, orientieren wir uns an den 17 Zielen f\u00fcr nachhaltige Entwicklung, den sogenannten Sustainable Development Goals (SDGs), die von den Vereinten Nationen 2015 festgelegt wurden. Besonders am Herzen liegen uns hierbei das Ende von Armut und Hungersnot, Zugang zu sauberem Wasser und Sanit\u00e4reinrichtungen, zu guter Gesundheitsversorgung und hochwertiger Bildung, die Gleichberechtigung aller Geschlechter, F\u00f6rderung erneuerbarer Energien, Entwicklung hin zu verantwortungsvollem Konsum, Klimaschutz sowie der Schutz von Leben unter Wasser und an Land. Dies setzen wir durch die Zusammenarbeit mit unseren Siegelpartnern und die damit einhergehende fortlaufende unabh\u00e4ngige Pr\u00fcfung unserer Standards um: Als eines der Gr\u00fcndungsmitglieder des Fair Rubber e.V. wenden wir die Prinzipien des fairen Handels auf \u201eGummi\u201c an. Durch einen Mehrpreis k\u00f6nnen kleine Landwirtschaftsbetriebe und Arbeiter*innen ihre Lebensbedingungen <a href=\"https:\/\/www.fairrubber.org\/\">nachhaltig verbessern<\/a>. So entstehen Garten- und Haushaltsprodukte aus fair gehandeltem Naturkautschuk, den wir zus\u00e4tzlich von FSC-zertifizierten Plantagen beziehen. The Vegan Society garantiert mit ihrem Siegel, dass unsere Produkte ausnahmslos frei von tierischen Inhaltsstoffen sind. FAIR ZONE ist also eine sichere Wahl f\u00fcr umweltbewusste und vegan lebende Menschen.<\/p>\n\n\n\n<h3 class=\"wp-block-heading\"><strong>KUNSTSTOFF AD\u00c9 \u2013 DIE ZUKUNFT IST ZERO WASTE<\/strong><\/h3>\n\n\n\n<p>Einhergehend mit den SDGs zu Klimaschutz haben auch wir das gro\u00dfe Problem der Kunststoff-Verpackungen erkannt und dementsprechend gehandelt. Nur 9 Prozent des weltweit anfallenden Plastikm\u00fclls werden recycelt, 12 Prozent verbrannt und der Gro\u00dfteil von 79 Prozent deponiert oder in der Umwelt entsorgt. Im Jahr 2050 k\u00f6nnte somit mehr Plastik im Meer schwimmen als Fische. Dieser Entwicklung m\u00f6chten wir unbedingt entgegensteuern und setzen deshalb auf Naturkautschuk als Hauptmaterial unserer Produkte. Es ist ein nat\u00fcrlicher, nachwachsender Rohstoff, der ganz nebenbei auch noch mehr CO2 absorbiert als die meisten tropischen Regenw\u00e4lder. Weiterhin haben wir den Gro\u00dfteil unseres Sortiments von allem unn\u00f6tigen Kunststoff befreit und sind auf Papierverpackungen umgestiegen. Stetig arbeiten wir an neuen Verpackungsm\u00f6glichkeiten und bewegen n\u00e4hern uns der \u201ePlastikfreiheit\u201c Schritt f\u00fcr Schritt. Mit Experten haben wir ein umfassendes Emissions-Kompensationskonzept erarbeitet und d\u00fcrfen unser wirtschaftliches Handeln und viele unserer FAIR ZONE Produkte als klimaneutral bezeichnen. Unsere Emissionen werden zum Beispiel durch die Beschaffung von sauberen und effizienten Dampfdruckt\u00f6pfe in Indien sowie durch Aufforstungsma\u00dfnahmen im Biosph\u00e4renreservat Schaalsee kompensiert.<\/p>\n\n\n\n<p>Faire Handelsbeziehungen, \u00f6kologische Verantwortung und ein konsequentes Nein zu Kinderarbeit und Tierversuchen geh\u00f6ren nat\u00fcrlich ebenso zu unseren Grunds\u00e4tzen. Was f\u00fcr uns noch zu FAIR ZONE geh\u00f6rt? Ein multikulturelles, engagiertes Team mit dem Anspruch, die Welt ein kleines bisschen besser zu machen. Diskriminierung auf jeglicher Ebene (u.a. Sexismus, Rassismus, Queerfeindlichkeit, Ableismus) hat bei uns keinen Platz und wir stellen uns klar dagegen.<\/p>\n\n\n\n<p>Schau Dich um und entdecke unsere Welt rund um faires Haushalten, Freizeit und G\u00e4rtnern \ud83c\udf3b<\/p>\n\n\n\n<p><strong>Klimaneutralit\u00e4t<\/strong><\/p>\n\n\n\n<p>Sicherlich verfolgen Sie die Diskussion \u00fcber die neue \u201eGreenwashing\u201c-Gesetzgebung der EU. Hier stehen insbesondere Aussagen zur Klimaneutralit\u00e4t von Produkten und Unternehmen im Fokus. Auch FAIR SQUARED hat bisher auf Produkten auf die Klimaneutralit\u00e4t ihrer Herstellung hingewiesen. Diese haben wir zusammen mit \u201eClimate Partner\u201c durch Berechnungen unserer CO2-Emissionen und deren Kompensation in verschiedenen Projekten seit 2017 konsequent umgesetzt. Weitere Informationen zu unseren Projekten finden Sie hier: climatepartner.com\/12554-1801-1001<\/p>\n\n\n\n<p>Wir waren und sind von den Projekten als sinnvollem Ausgleich unserer Emissionen \u00fcberzeugt. Aufgrund der anstehenden \u00c4nderung der Rechtslage in der EU, aus der sich extrem hohe Anforderungen an den Nachweis der Klimaneutralit\u00e4t und damit zugleich ein erheblicher b\u00fcrokratischer Aufwand ergeben werden, verzichten wir bereits seit dem 1. Januar 2024 auf die Bewerbung unserer Produkte und unseres Unternehmens mit klimaneutralen Aussagen. Bitte haben Sie Verst\u00e4ndnis daf\u00fcr, dass sich im Handel und auch bei uns im Lager noch Produkte mit entsprechender Auslobung aus Produktionen vor dem Jahr 2024 befinden. Es w\u00e4re klimasch\u00e4dlicher, diese Waren zu vernichten, als sie abzuverkaufen. Seit dem 1. Januar 2024 werden alle unsere Produkte ohne entsprechende Werbeaussagen auf den Verpackungen hergestellt. Unabh\u00e4ngig davon bekennen wir uns als Unternehmen auch weiterhin zum Klimaschutz und werden in unseren Anstrengungen, die Klimabilanz unserer Produkte weiter zu verbessern, nicht nachlassen. F\u00fcr R\u00fcckfragen stehen wir Ihnen jederzeit unter &#105;n&#x66;o&#x40;f&#x61;i&#x72;&#115;&#x71;&#117;&#x61;&#114;&#x65;&#100;&#46;&#99;o&#x6d; zur Verf\u00fcgung. (Stand Februar 2024)<\/p>\n","protected":false},"excerpt":{"rendered":"<p>FAIR ZONE entdecken FAIR ZU MENSCH, UMWELT UND NATUR Vereint in der Leidenschaft f\u00fcr fairen Handel und Nachhaltigkeit, orientieren wir uns an den 17 Zielen f\u00fcr nachhaltige Entwicklung, den sogenannten Sustainable Development Goals (SDGs), die von den Vereinten Nationen 2015 festgelegt wurden. Besonders am Herzen liegen uns hierbei [&hellip;]<\/p>\n","protected":false},"author":3,"featured_media":0,"parent":0,"menu_order":1,"comment_status":"closed","ping_status":"closed","template":"","meta":{"_acf_changed":false,"footnotes":""},"class_list":["post-10","page","type-page","status-publish","hentry"],"acf":[],"_links":{"self":[{"href":"https:\/\/www.fair.zone\/de\/wp-json\/wp\/v2\/pages\/10","targetHints":{"allow":["GET"]}}],"collection":[{"href":"https:\/\/www.fair.zone\/de\/wp-json\/wp\/v2\/pages"}],"about":[{"href":"https:\/\/www.fair.zone\/de\/wp-json\/wp\/v2\/types\/page"}],"author":[{"embeddable":true,"href":"https:\/\/www.fair.zone\/de\/wp-json\/wp\/v2\/users\/3"}],"replies":[{"embeddable":true,"href":"https:\/\/www.fair.zone\/de\/wp-json\/wp\/v2\/comments?post=10"}],"version-history":[{"count":11,"href":"https:\/\/www.fair.zone\/de\/wp-json\/wp\/v2\/pages\/10\/revisions"}],"predecessor-version":[{"id":5673,"href":"https:\/\/www.fair.zone\/de\/wp-json\/wp\/v2\/pages\/10\/revisions\/5673"}],"wp:attachment":[{"href":"https:\/\/www.fair.zone\/de\/wp-json\/wp\/v2\/media?parent=10"}],"curies":[{"name":"wp","href":"https:\/\/api.w.org\/{rel}","templated":true}]}}