{"id":1653,"date":"2020-04-23T15:16:08","date_gmt":"2020-04-23T13:16:08","guid":{"rendered":"https:\/\/www.fair.zone\/?page_id=1653"},"modified":"2020-10-14T10:28:51","modified_gmt":"2020-10-14T08:28:51","slug":"fuer-die-umwelt","status":"publish","type":"page","link":"https:\/\/www.fair.zone\/de\/fair-zone\/fuer-die-umwelt\/","title":{"rendered":"F\u00fcr die Umwelt"},"content":{"rendered":"\n<div class=\"wp-block-columns is-layout-flex wp-container-core-columns-is-layout-9d6595d7 wp-block-columns-is-layout-flex\">\n<div class=\"wp-block-column is-layout-flow wp-block-column-is-layout-flow\" style=\"flex-basis:33.33%\">\n<figure class=\"wp-block-image size-large\"><img loading=\"lazy\" decoding=\"async\" width=\"384\" height=\"384\" src=\"https:\/\/www.fair.zone\/wp-content\/uploads\/2020\/03\/Protect.jpg\" alt=\"Protect your planet\" class=\"wp-image-472\" srcset=\"https:\/\/www.fair.zone\/wp-content\/uploads\/2020\/03\/Protect.jpg 384w, https:\/\/www.fair.zone\/wp-content\/uploads\/2020\/03\/Protect-150x150.jpg 150w\" sizes=\"auto, (max-width: 384px) 100vw, 384px\" \/><\/figure>\n<\/div>\n\n\n\n<div class=\"wp-block-column is-layout-flow wp-block-column-is-layout-flow\" style=\"flex-basis:66.66%\">\n<h1 class=\"has-very-dark-gray-color has-text-color wp-block-heading\">F\u00fcr die Umwelt<\/h1>\n\n\n\n<p>Ihr fragt euch, wieso das Ganze? Ganz klar. Neben dem Ausbau fairer Anbaubedingungen und der Ausweitung des fairen Handels auf den Kautschuksektor spielte eins eine ganz besondere Rolle: Umweltschutz. Wir k\u00f6nnen nicht leugnen, dass uns die aktuelle Entwicklung sehr beunruhigt und uns daher der Gedanke umgetrieben hat, ein \u00f6kologisch vertretbares Gegengewicht zur \u201ePlastikflut\u201c zu bilden. W\u00e4hrend nat\u00fcrlich grunds\u00e4tzlich das Motto \u201eWeniger ist mehr\u201c lauten sollte, haben wir festgestellt, dass an einigen Stellen kein Weg daran vorbeif\u00fchrt, Althergebrachtes umzudenken.<\/p>\n<\/div>\n<\/div>\n\n\n\n<div class=\"wp-block-columns is-layout-flex wp-container-core-columns-is-layout-9d6595d7 wp-block-columns-is-layout-flex\">\n<div class=\"wp-block-column is-layout-flow wp-block-column-is-layout-flow\" style=\"flex-basis:33.33%\"><\/div>\n\n\n\n<div class=\"wp-block-column is-layout-flow wp-block-column-is-layout-flow\" style=\"flex-basis:66.66%\">\n<h2 class=\"wp-block-heading\"> <strong>Altes im neuen Gewand: Naturkautschuk kann!<\/strong> <\/h2>\n\n\n\n<p>Da wir in der Vergangenheit bereits sehr gute Erfahrungen mit den Materialeigenschaften von Naturkautschuk gemacht haben, kam eins zum anderen. Geboren war die Idee: Lasst uns Haushalts- und Gartenartikel aus Fair-Trade-Kautschuk realisieren.<\/p>\n\n\n\n<h2 class=\"wp-block-heading\"><strong>Von Freizeit- bis Gartenartikel auf fair umstellen<\/strong><\/h2>\n\n\n\n<p>Die Mission hinter FAIR ZONE stand schnell fest: Wir m\u00f6chten nachhaltige und faire Produkte f\u00fcr Haushalt und Garten anbieten, die sich nicht hinter den konventionellen verstecken m\u00fcssen. Weder in Funktionalit\u00e4t noch in Optik. Ganz im Gegenteil. Schlichtes Design, aber nah am Verwendungszweck wurden sie konzipiert. Und zogen \u00fcberall dort ein, wo Nachhaltigkeit und umwelt- sowie menschenrechtsFAIRtr\u00e4gliche Standards eine \u00fcbergeordnete Rolle spielen.<\/p>\n\n\n\n<h2 class=\"wp-block-heading\"><strong>Wir finden st\u00e4ndig neue Wege \u2013 FAIRsprochen<\/strong><\/h2>\n\n\n\n<p>Als Naturkautschuk das Material der ersten Stunde in der FAIR ZONE wurde, haben wir uns parallel umgeschaut, um weitere nachhaltige Wege auszukundschaften. Das Ergebnis kann sich sehen lassen: ein stetig wachsendes Sortiment, das dein Zuhause zur FAIR ZONE macht. So kamen wir zum Beispiel 2019 in Kontakt mit Sri Lankas Initiativen <a href=\"https:\/\/www.riceandcarry.eu\/\">Rice &amp; Carry<\/a> und <a href=\"https:\/\/www.wastelessabay.com\/\">WLAB<\/a>, die dasselbe Ziel wie wir verfolgen. Schnell entstand daraus eine Kooperationsidee, die uns zu der exklusiven Rice &amp; Carry Collection brachte. So oder so \u00e4hnlich wird es ganz sicher auch in Zukunft laufen. Bleib also gespannt, wie es in der FAIR ZONE weitergeht \u2026 wir sind noch lange nicht am Ende angekommen.<\/p>\n<\/div>\n<\/div>\n","protected":false},"excerpt":{"rendered":"<p>F\u00fcr die Umwelt Ihr fragt euch, wieso das Ganze? Ganz klar. Neben dem Ausbau fairer Anbaubedingungen und der Ausweitung des fairen Handels auf den Kautschuksektor spielte eins eine ganz besondere Rolle: Umweltschutz. Wir k\u00f6nnen nicht leugnen, dass uns die aktuelle Entwicklung sehr beunruhigt und uns daher der Gedanke [&hellip;]<\/p>\n","protected":false},"author":10,"featured_media":0,"parent":12,"menu_order":4,"comment_status":"closed","ping_status":"closed","template":"","meta":{"_acf_changed":false,"footnotes":""},"class_list":["post-1653","page","type-page","status-publish","hentry"],"acf":[],"_links":{"self":[{"href":"https:\/\/www.fair.zone\/de\/wp-json\/wp\/v2\/pages\/1653","targetHints":{"allow":["GET"]}}],"collection":[{"href":"https:\/\/www.fair.zone\/de\/wp-json\/wp\/v2\/pages"}],"about":[{"href":"https:\/\/www.fair.zone\/de\/wp-json\/wp\/v2\/types\/page"}],"author":[{"embeddable":true,"href":"https:\/\/www.fair.zone\/de\/wp-json\/wp\/v2\/users\/10"}],"replies":[{"embeddable":true,"href":"https:\/\/www.fair.zone\/de\/wp-json\/wp\/v2\/comments?post=1653"}],"version-history":[{"count":3,"href":"https:\/\/www.fair.zone\/de\/wp-json\/wp\/v2\/pages\/1653\/revisions"}],"predecessor-version":[{"id":3359,"href":"https:\/\/www.fair.zone\/de\/wp-json\/wp\/v2\/pages\/1653\/revisions\/3359"}],"up":[{"embeddable":true,"href":"https:\/\/www.fair.zone\/de\/wp-json\/wp\/v2\/pages\/12"}],"wp:attachment":[{"href":"https:\/\/www.fair.zone\/de\/wp-json\/wp\/v2\/media?parent=1653"}],"curies":[{"name":"wp","href":"https:\/\/api.w.org\/{rel}","templated":true}]}}