{"id":21,"date":"2020-03-18T16:49:00","date_gmt":"2020-03-18T15:49:00","guid":{"rendered":"https:\/\/www.fair.zone\/?page_id=21"},"modified":"2020-09-14T18:03:15","modified_gmt":"2020-09-14T16:03:15","slug":"handel","status":"publish","type":"page","link":"https:\/\/www.fair.zone\/de\/handel\/","title":{"rendered":"Handel"},"content":{"rendered":"\n<div style=\"height:50px\" aria-hidden=\"true\" class=\"wp-block-spacer\"><\/div>\n\n\n\n<div class=\"wp-block-columns orange is-layout-flex wp-container-core-columns-is-layout-9d6595d7 wp-block-columns-is-layout-flex\">\n<div class=\"wp-block-column is-layout-flow wp-block-column-is-layout-flow\" style=\"flex-basis:33.33%\">\n<figure class=\"wp-block-image size-large\"><img loading=\"lazy\" decoding=\"async\" width=\"384\" height=\"497\" src=\"https:\/\/www.fair.zone\/wp-content\/uploads\/2020\/03\/B-to_b.jpg\" alt=\"B. to B.\" class=\"wp-image-552\"\/><\/figure>\n<\/div>\n\n\n\n<div class=\"wp-block-column is-layout-flow wp-block-column-is-layout-flow\" style=\"flex-basis:66.66%\">\n<h1 class=\"wp-block-heading\">Du m\u00f6chtest FAIR ZONE f\u00fcr dein Gesch\u00e4ft?<\/h1>\n\n\n\n<p>Unsere Produkte passen ideal zu deinem Portfolio und du findest, dass deine Kund*innen sie unbedingt kennenlernen sollten? Dann statte unserem B2B-Shop unbedingt einen Besuch ab. Denn hier kannst du die gew\u00fcnschten Produkte direkt einsehen, in deinen Warenkorb legen und N\u00e4heres zu den Einkaufskonditionen erfahren. Ganz nebenbei findest du dort eine Vielzahl anderer fairer und nachhaltiger Produkte. Da ist bestimmt noch was f\u00fcr dich dabei.<\/p>\n\n\n\n<h2 class=\"wp-block-heading\"><strong>B2B-Shop f\u00fcr FAIR ZONE und weitere Fair-Trade-Produkte<\/strong><\/h2>\n\n\n\n<p>Damit du deine Bestellung ganz bequem online abgeben kannst, musst du dich auf shop.fairsquared.info registrieren. Geh hierzu bitte auf &#8222;Anmelden&#8220; oben rechts und trag deine Daten ein. Innerhalb von 24 Stunden schalten wir dich frei und du erh\u00e4ltst dazu eine E-Mail. <\/p>\n\n\n\n<p>Wenn du erst einmal schauen m\u00f6chtest, was FAIR ZONE und FAIR SQUARED so anzubieten haben, lad dir einfach den aktuellen Katalog runter.<\/p>\n\n\n\n<div class=\"wp-block-buttons aligncenter is-layout-flex wp-block-buttons-is-layout-flex\">\n<div class=\"wp-block-button is-style-fill\"><a class=\"wp-block-button__link has-text-color has-very-light-gray-color has-background has-pale-cyan-blue-background-color\" href=\"https:\/\/shop.fairsquared.info\/\" target=\"_blank\" rel=\"noreferrer noopener\">FAIR SQUARED B2B-Shop<\/a><\/div>\n<\/div>\n\n\n\n<div class=\"wp-block-buttons aligncenter is-layout-flex wp-block-buttons-is-layout-flex\">\n<div class=\"wp-block-button is-style-fill\"><a class=\"wp-block-button__link has-text-color has-very-dark-gray-color has-background has-pale-cyan-blue-background-color\" href=\"https:\/\/www.fairsquared.com\/de\/katalog\/\" target=\"_blank\" rel=\"noreferrer noopener\">Hier geht&#8217;s zum Katalog<\/a><\/div>\n<\/div>\n<\/div>\n<\/div>\n","protected":false},"excerpt":{"rendered":"<p>Du m\u00f6chtest FAIR ZONE f\u00fcr dein Gesch\u00e4ft? Unsere Produkte passen ideal zu deinem Portfolio und du findest, dass deine Kund*innen sie unbedingt kennenlernen sollten? Dann statte unserem B2B-Shop unbedingt einen Besuch ab. Denn hier kannst du die gew\u00fcnschten Produkte direkt einsehen, in deinen Warenkorb legen und N\u00e4heres zu [&hellip;]<\/p>\n","protected":false},"author":3,"featured_media":0,"parent":0,"menu_order":6,"comment_status":"closed","ping_status":"closed","template":"","meta":{"_acf_changed":false,"footnotes":""},"class_list":["post-21","page","type-page","status-publish","hentry"],"acf":[],"_links":{"self":[{"href":"https:\/\/www.fair.zone\/de\/wp-json\/wp\/v2\/pages\/21","targetHints":{"allow":["GET"]}}],"collection":[{"href":"https:\/\/www.fair.zone\/de\/wp-json\/wp\/v2\/pages"}],"about":[{"href":"https:\/\/www.fair.zone\/de\/wp-json\/wp\/v2\/types\/page"}],"author":[{"embeddable":true,"href":"https:\/\/www.fair.zone\/de\/wp-json\/wp\/v2\/users\/3"}],"replies":[{"embeddable":true,"href":"https:\/\/www.fair.zone\/de\/wp-json\/wp\/v2\/comments?post=21"}],"version-history":[{"count":6,"href":"https:\/\/www.fair.zone\/de\/wp-json\/wp\/v2\/pages\/21\/revisions"}],"predecessor-version":[{"id":2227,"href":"https:\/\/www.fair.zone\/de\/wp-json\/wp\/v2\/pages\/21\/revisions\/2227"}],"wp:attachment":[{"href":"https:\/\/www.fair.zone\/de\/wp-json\/wp\/v2\/media?parent=21"}],"curies":[{"name":"wp","href":"https:\/\/api.w.org\/{rel}","templated":true}]}}