{"id":2158,"date":"2020-09-07T18:45:44","date_gmt":"2020-09-07T16:45:44","guid":{"rendered":"https:\/\/www.fair.zone\/?page_id=2158"},"modified":"2020-10-05T15:15:23","modified_gmt":"2020-10-05T13:15:23","slug":"schuhpomade","status":"publish","type":"page","link":"https:\/\/www.fair.zone\/de\/schuhpomade\/","title":{"rendered":"Schuhpomade"},"content":{"rendered":"\n<div style=\"height:20px\" aria-hidden=\"true\" class=\"wp-block-spacer\"><\/div>\n\n\n\n<p class=\"has-background has-text-align-center has-medium-font-size has-very-light-gray-background-color\"><strong>Schuhpomade &#8211; Shoe Polish &#8211; Cirage pour Chaussures<\/strong><\/p>\n\n\n\n<div style=\"height:70px\" aria-hidden=\"true\" class=\"wp-block-spacer\"><\/div>\n\n\n\n<div class=\"wp-block-columns is-layout-flex wp-container-core-columns-is-layout-9d6595d7 wp-block-columns-is-layout-flex\">\n<div class=\"wp-block-column is-layout-flow wp-block-column-is-layout-flow\" style=\"flex-basis:33.33%\">\n<figure class=\"wp-block-image size-large\"><img loading=\"lazy\" decoding=\"async\" width=\"384\" height=\"270\" src=\"https:\/\/www.fair.zone\/wp-content\/uploads\/2020\/09\/D.jpg\" alt=\"Deutsch\" class=\"wp-image-2167\"\/><\/figure>\n<\/div>\n\n\n\n<div class=\"wp-block-column is-layout-flow wp-block-column-is-layout-flow\" style=\"flex-basis:66.66%\">\n<h3 class=\"wp-block-heading\">Hinweise und Anwendung<\/h3>\n\n\n\n<p>Die nat\u00fcrliche, l\u00f6sungsmittelfreie Shuhpomade, aus nat\u00fcrlichen \u00d6len und Wachs, ist f\u00fcr ihre Schuhe als auch f\u00fcr ihre Ledertaschen oder Jacken hervorragend geeignet. (Natur-)Leder werden \u00fcblicherweise durch \u00d6le und Wachse auf den Oberfl\u00e4chen gesch\u00fctzt. Die richtige Pflege besteht darin, einfach ab und zu nachzufetten. So wird das Leder geschmeidig gehalten und vor Austrocknen und Rissbildung gesch\u00fctzt.<\/p>\n\n\n\n<p>Anwendung: Leichtes Abwischen mit einem nebelfeuchten Tuch, danach die Schuhpomade mit einem weichen Tuch d\u00fcnn auftragen und gleichm\u00e4\u00dfig verteilen. Idealerweise testen Sie das Produkt erst einmal an einer verdeckten Stelle.<\/p>\n\n\n\n<p><\/p>\n<\/div>\n<\/div>\n\n\n\n<div class=\"wp-block-columns is-layout-flex wp-container-core-columns-is-layout-9d6595d7 wp-block-columns-is-layout-flex\">\n<div class=\"wp-block-column is-layout-flow wp-block-column-is-layout-flow\" style=\"flex-basis:33.33%\">\n<figure class=\"wp-block-image size-large\"><img loading=\"lazy\" decoding=\"async\" width=\"384\" height=\"270\" src=\"https:\/\/www.fair.zone\/wp-content\/uploads\/2020\/09\/GB.jpg\" alt=\"English\" class=\"wp-image-2163\"\/><\/figure>\n<\/div>\n\n\n\n<div class=\"wp-block-column is-layout-flow wp-block-column-is-layout-flow\" style=\"flex-basis:66.66%\">\n<h3 class=\"wp-block-heading\">Instructions and applications<\/h3>\n\n\n\n<p>The natural, solvent-free shoe pomade made from natural oils and wax is ideal for your shoes as well as for your leather bags or jackets. (Natural) leathers are usually protected by oils and waxes on their surfaces. The correct care consists of simply greasing it from time to time. This keeps the leather supple and protects it from drying out and cracking.<\/p>\n\n\n\n<p class=\"has-text-color has-very-dark-gray-color\">Application: Lightly wipe with a damp cloth, then apply shoe polish thinly with a soft cloth and spread evenly.<br>Ideally, test the product on a concealed area first.<\/p>\n<\/div>\n<\/div>\n\n\n\n<div class=\"wp-block-columns is-layout-flex wp-container-core-columns-is-layout-9d6595d7 wp-block-columns-is-layout-flex\">\n<div class=\"wp-block-column is-layout-flow wp-block-column-is-layout-flow\" style=\"flex-basis:33.33%\">\n<figure class=\"wp-block-image size-large\"><img loading=\"lazy\" decoding=\"async\" width=\"384\" height=\"270\" src=\"https:\/\/www.fair.zone\/wp-content\/uploads\/2020\/09\/FR.jpg\" alt=\"Franz\u00f6sisch\" class=\"wp-image-2165\"\/><\/figure>\n<\/div>\n\n\n\n<div class=\"wp-block-column is-layout-flow wp-block-column-is-layout-flow\" style=\"flex-basis:66.66%\">\n<h3 class=\"wp-block-heading\">Instructions et mode d&#8217;emploi<\/h3>\n\n\n\n<p>Le cirage naturel pour chaussures, sans solvant, \u00e0 base d&#8217;huiles naturelles et de cire, est id\u00e9al pour vos chaussures ainsi que pour vos sacs ou vestes en cuir. Les cuirs (naturels) sont g\u00e9n\u00e9ralement prot\u00e9g\u00e9s par des huiles et des cires sur leur surface. Pour leur entretien, il suffit de les cirer r\u00e9guli\u00e8rement. Cela permet de conserver toute la souplesse du cuir et de le prot\u00e9ger contre le dess\u00e8chement et les craquelures.<\/p>\n\n\n\n<p>Mode d&#8217;emploi : Essuyez l\u00e9g\u00e8rement avec un chiffon humide, puis appliquez le cirage \u00e0 chaussures en fine couche avec un chiffon doux et r\u00e9partissez uniform\u00e9ment.<br>Id\u00e9alement, vous devriez d&#8217;abord tester le produit sur une zone cach\u00e9e.<\/p>\n<\/div>\n<\/div>\n","protected":false},"excerpt":{"rendered":"<p>Schuhpomade &#8211; Shoe Polish &#8211; Cirage pour Chaussures Hinweise und Anwendung Die nat\u00fcrliche, l\u00f6sungsmittelfreie Shuhpomade, aus nat\u00fcrlichen \u00d6len und Wachs, ist f\u00fcr ihre Schuhe als auch f\u00fcr ihre Ledertaschen oder Jacken hervorragend geeignet. (Natur-)Leder werden \u00fcblicherweise durch \u00d6le und Wachse auf den Oberfl\u00e4chen gesch\u00fctzt. Die richtige Pflege besteht [&hellip;]<\/p>\n","protected":false},"author":3,"featured_media":0,"parent":0,"menu_order":112,"comment_status":"closed","ping_status":"closed","template":"","meta":{"_acf_changed":false,"footnotes":""},"class_list":["post-2158","page","type-page","status-publish","hentry"],"acf":[],"_links":{"self":[{"href":"https:\/\/www.fair.zone\/de\/wp-json\/wp\/v2\/pages\/2158","targetHints":{"allow":["GET"]}}],"collection":[{"href":"https:\/\/www.fair.zone\/de\/wp-json\/wp\/v2\/pages"}],"about":[{"href":"https:\/\/www.fair.zone\/de\/wp-json\/wp\/v2\/types\/page"}],"author":[{"embeddable":true,"href":"https:\/\/www.fair.zone\/de\/wp-json\/wp\/v2\/users\/3"}],"replies":[{"embeddable":true,"href":"https:\/\/www.fair.zone\/de\/wp-json\/wp\/v2\/comments?post=2158"}],"version-history":[{"count":27,"href":"https:\/\/www.fair.zone\/de\/wp-json\/wp\/v2\/pages\/2158\/revisions"}],"predecessor-version":[{"id":2293,"href":"https:\/\/www.fair.zone\/de\/wp-json\/wp\/v2\/pages\/2158\/revisions\/2293"}],"wp:attachment":[{"href":"https:\/\/www.fair.zone\/de\/wp-json\/wp\/v2\/media?parent=2158"}],"curies":[{"name":"wp","href":"https:\/\/api.w.org\/{rel}","templated":true}]}}