{"id":27,"date":"2020-03-18T16:50:07","date_gmt":"2020-03-18T15:50:07","guid":{"rendered":"https:\/\/www.fair.zone\/?page_id=27"},"modified":"2025-03-07T21:00:39","modified_gmt":"2025-03-07T20:00:39","slug":"kontakt","status":"publish","type":"page","link":"https:\/\/www.fair.zone\/de\/kontakt\/","title":{"rendered":"Kontakt"},"content":{"rendered":"\n<div class=\"wp-block-columns is-layout-flex wp-container-core-columns-is-layout-9d6595d7 wp-block-columns-is-layout-flex\">\n<div class=\"wp-block-column is-layout-flow wp-block-column-is-layout-flow\" style=\"flex-basis:33.33%\"><\/div>\n\n\n\n<div class=\"wp-block-column is-layout-flow wp-block-column-is-layout-flow\" style=\"flex-basis:66.66%\">\n<h1 class=\"wp-block-heading\">Du hast Fragen zur FAIR ZONE? Meld dich bei uns.<\/h1>\n\n\n\n<p>M\u00f6chtest du gerne \u00fcber uns berichten oder h\u00e4ttest du gerne n\u00e4here Infos zu unseren Produkten? Bist du etwa H\u00e4ndler*in und m\u00f6chtest gerne unsere FAIR ZONE Produkte in dein nachhaltiges Sortiment aufnehmen? Auch bei anderen Fragen stehen wir gerne zur Verf\u00fcgung.<\/p>\n\n\n\n<div class=\"wp-block-buttons is-layout-flex wp-block-buttons-is-layout-flex\">\n<div class=\"wp-block-button\"><a class=\"wp-block-button__link wp-element-button\" href=\"&#x6d;&#x61;&#x69;&#108;&#116;o:&#x69;&#x6e;&#x66;&#x6f;&#64;&#102;ai&#x72;&#x2e;&#x7a;&#111;&#110;&#101;\">Kontaktiere uns<\/a><\/div>\n<\/div>\n\n\n\n<div style=\"height:40px\" aria-hidden=\"true\" class=\"wp-block-spacer\"><\/div>\n\n\n\n<p>E-Mail: <a href=\"&#x6d;&#97;&#105;l&#x74;&#x6f;&#58;i&#x6e;&#x66;&#111;&#64;&#x66;&#x61;&#105;r&#x2e;&#x7a;&#111;n&#x65;\">&#105;&#x6e;f&#x6f;&#x40;&#102;&#x61;i&#114;&#x2e;&#122;&#x6f;n&#101;<\/a><br>Telefon: <a href=\"tel:+4922349296600\">+49 (0) 2234 \u2013 9296600<\/a><br>Fax: +49 (0) 2234 \u2013 9296690<\/p>\n\n\n\n<p><strong>Wir freuen uns auf deine Kontaktaufnahme!<\/strong><\/p>\n<\/div>\n<\/div>\n","protected":false},"excerpt":{"rendered":"<p>Du hast Fragen zur FAIR ZONE? Meld dich bei uns. M\u00f6chtest du gerne \u00fcber uns berichten oder h\u00e4ttest du gerne n\u00e4here Infos zu unseren Produkten? Bist du etwa H\u00e4ndler*in und m\u00f6chtest gerne unsere FAIR ZONE Produkte in dein nachhaltiges Sortiment aufnehmen? Auch bei anderen Fragen stehen wir gerne [&hellip;]<\/p>\n","protected":false},"author":3,"featured_media":0,"parent":0,"menu_order":12,"comment_status":"closed","ping_status":"closed","template":"","meta":{"_acf_changed":false,"footnotes":""},"class_list":["post-27","page","type-page","status-publish","hentry"],"acf":[],"_links":{"self":[{"href":"https:\/\/www.fair.zone\/de\/wp-json\/wp\/v2\/pages\/27","targetHints":{"allow":["GET"]}}],"collection":[{"href":"https:\/\/www.fair.zone\/de\/wp-json\/wp\/v2\/pages"}],"about":[{"href":"https:\/\/www.fair.zone\/de\/wp-json\/wp\/v2\/types\/page"}],"author":[{"embeddable":true,"href":"https:\/\/www.fair.zone\/de\/wp-json\/wp\/v2\/users\/3"}],"replies":[{"embeddable":true,"href":"https:\/\/www.fair.zone\/de\/wp-json\/wp\/v2\/comments?post=27"}],"version-history":[{"count":4,"href":"https:\/\/www.fair.zone\/de\/wp-json\/wp\/v2\/pages\/27\/revisions"}],"predecessor-version":[{"id":5729,"href":"https:\/\/www.fair.zone\/de\/wp-json\/wp\/v2\/pages\/27\/revisions\/5729"}],"wp:attachment":[{"href":"https:\/\/www.fair.zone\/de\/wp-json\/wp\/v2\/media?parent=27"}],"curies":[{"name":"wp","href":"https:\/\/api.w.org\/{rel}","templated":true}]}}