{"id":31,"date":"2020-03-18T16:51:17","date_gmt":"2020-03-18T15:51:17","guid":{"rendered":"https:\/\/www.fair.zone\/?page_id=31"},"modified":"2025-08-19T18:50:36","modified_gmt":"2025-08-19T16:50:36","slug":"impressum","status":"publish","type":"page","link":"https:\/\/www.fair.zone\/de\/impressum\/","title":{"rendered":"Impressum"},"content":{"rendered":"\n<div class=\"wp-block-columns is-layout-flex wp-container-core-columns-is-layout-9d6595d7 wp-block-columns-is-layout-flex\">\n<div class=\"wp-block-column is-layout-flow wp-block-column-is-layout-flow\" style=\"flex-basis:33.33%\">\n<figure class=\"wp-block-image size-large\"><img loading=\"lazy\" decoding=\"async\" width=\"286\" height=\"200\" src=\"https:\/\/www.fair.zone\/wp-content\/uploads\/2020\/12\/logo-fair-zone.png\" alt=\"Logo FAIR ZONE\" class=\"wp-image-3606\"\/><\/figure>\n<\/div>\n\n\n\n<div class=\"wp-block-column is-layout-flow wp-block-column-is-layout-flow\">\n<h1 class=\"wp-block-heading\">IMPRESSUM<\/h1>\n\n\n\n<div style=\"height:30px\" aria-hidden=\"true\" class=\"wp-block-spacer\"><\/div>\n\n\n\n<h3 class=\"wp-block-heading\">Verantwortlich f\u00fcr den Inhalt dieser Webseite:<\/h3>\n\n\n\n<p>FAIR SQUARED GmbH <br>Hermann-Heinrich-Gossen-Stra\u00dfe 4<br>D-50858 K\u00f6ln<\/p>\n\n\n\n<h4 class=\"wp-block-heading\">Kontakt<\/h4>\n\n\n\n<p>E-Mail: &#105;&#x6e;&#102;&#x6f;&#64;&#x66;a&#105;&#x72;&#115;&#x71;u&#x61;r&#101;&#x64;&#46;&#x63;o&#x6d;<br>Telefon:&nbsp;+49 (0) 2234 \u2013 9296600<br>FAX: +49 (0) 2234 \u2013 9296690<\/p>\n\n\n\n<h4 class=\"wp-block-heading\">Vertretungsberechtigte Gesch\u00e4ftsf\u00fchrer<\/h4>\n\n\n\n<p>Oliver Gothe<br>Stephan Stavridis<\/p>\n\n\n\n<h4 class=\"wp-block-heading\">Handelsregister<\/h4>\n\n\n\n<p>HRB 66006, Amtsgericht K\u00f6ln<\/p>\n\n\n\n<h4 class=\"wp-block-heading\">Umsatzsteuer-ID Nummer (gem. \u00a7 27a UStG)<\/h4>\n\n\n\n<p>DE 815077727<\/p>\n\n\n\n<p><strong>Urheberrechte<\/strong><\/p>\n\n\n\n<p>Alle auf dieser Website verwendeten Texte, Fotos und grafischen Gestaltungen sind urheberrechtlich gesch\u00fctzt. Die Vervielf\u00e4ltigung, Bearbeitung, Verbreitung und jede Art der Verwertung au\u00dferhalb der Grenzen des Urheberrechtes bed\u00fcrfen der schriftlichen Zustimmung des jeweiligen Autors bzw. Erstellers. Downloads und Kopien dieser Seite, die \u00fcber den privaten Gebrauch hinausgehen, bed\u00fcrfen der ausdr\u00fccklichen vorherigen Zustimmung der FAIRSQUARED.<\/p>\n\n\n\n<h4 class=\"wp-block-heading\">Alternative Streitbeilegung in Verbrauchersachen <br>gem. Art. 14 Abs. 1 ODR-VO, \u00a7 36 VSBG<\/h4>\n\n\n\n<p>Wir sind nicht bereit oder verpflichtet, an einem Streitbeilegungsverfahren vor einer Verbraucherschlichtungsstelle teilzunehmen.<\/p>\n\n\n\n<h4 class=\"wp-block-heading\">Markenzeichen<\/h4>\n\n\n\n<p>FAIR SQUARED weist darauf hin, dass die Inhalte der Website markenrechtlich gesch\u00fctzte Unternehmens-, Produkt- und sonstige Kennzeichen enthalten. Jede Nutzung solcher Kennzeichen bed\u00fcrfen der ausdr\u00fccklichen vorherigen Zustimmung der Fair Squared und \/ oder des jeweiligen Kennzeicheninhabers.<\/p>\n\n\n\n<h4 class=\"wp-block-heading\">Ansprechpartner f\u00fcr Rechtsfragen<\/h4>\n\n\n\n<p>F\u00fcr rechtliche Fragen zu unserem Internetauftritt wenden Sie sich bitte an: <br><br><em>FAIR SQUARED GmbH <br>Rechtsabteilung <br>Hermann-Heinrich-Gossen-Stra\u00dfe 4<br>D-50858 K\u00f6ln<br>E-Mail: &#105;&#x6e;&#x66;o&#64;&#x66;&#x61;i&#114;&#x73;q&#117;&#x61;&#x72;e&#100;&#x2e;c&#111;&#x6d;<\/em><\/p>\n\n\n\n<h4 class=\"wp-block-heading\"><strong>Ansprechpartner f\u00fcr Datenschutzfragen<\/strong><\/h4>\n\n\n\n<p>F\u00fcr Fragen bezogen auf unseren Umgang mit personenbezogenen Daten stehen wir Ihnen unter <a href=\"&#109;&#x61;&#x69;&#108;&#x74;&#x6f;:&#x69;&#x6e;f&#111;&#x40;f&#97;&#x69;r&#50;&#x2e;m&#101;\">&#105;&#x6e;&#102;&#x6f;&#64;&#x66;&#97;&#x69;&#114;&#x32;&#46;&#x6d;&#101;<\/a> gerne zur Verf\u00fcgung. Sollten Sie detaillierte rechtliche Fragen oder Beschwerden haben, so wenden Sie sich bitte an unsere rechtsberatende Kanzlei<br><br>BRANDI Rechtsanw\u00e4lte<br>RA Dr. Sebastian Meyer<br>Adenauerplatz 1<br>33602 Bielefeld<br><a rel=\"noreferrer noopener\" href=\"http:\/\/www.brandi.net\" target=\"_blank\">www.brandi.net<\/a><br><a href=\"&#x6d;&#x61;&#x69;&#108;&#116;o:&#x64;&#x61;&#x74;&#101;&#110;sc&#x68;&#x75;&#x74;&#122;&#64;br&#x61;&#x6e;&#x64;&#105;&#46;ne&#x74;\">&#100;&#x61;&#x74;e&#110;&#x73;c&#104;&#x75;t&#122;&#x40;b&#114;&#x61;&#x6e;&#100;&#x69;&#x2e;n&#101;&#x74;<\/a><\/p>\n<\/div>\n<\/div>\n\n\n\n<p><\/p>\n","protected":false},"excerpt":{"rendered":"<p>IMPRESSUM Verantwortlich f\u00fcr den Inhalt dieser Webseite: FAIR SQUARED GmbH Hermann-Heinrich-Gossen-Stra\u00dfe 4D-50858 K\u00f6ln Kontakt E-Mail: &#105;&#x6e;f&#x6f;&#64;&#102;&#x61;&#105;&#x72;s&#113;&#x75;&#97;&#x72;e&#x64;&#x2e;&#99;&#x6f;mTelefon:&nbsp;+49 (0) 2234 \u2013 9296600FAX: +49 (0) 2234 \u2013 9296690 Vertretungsberechtigte Gesch\u00e4ftsf\u00fchrer Oliver GotheStephan Stavridis Handelsregister HRB 66006, Amtsgericht K\u00f6ln Umsatzsteuer-ID Nummer (gem. \u00a7 27a UStG) DE 815077727 Urheberrechte Alle auf dieser Website [&hellip;]<\/p>\n","protected":false},"author":3,"featured_media":0,"parent":0,"menu_order":100,"comment_status":"closed","ping_status":"closed","template":"","meta":{"_acf_changed":false,"footnotes":""},"class_list":["post-31","page","type-page","status-publish","hentry"],"acf":[],"_links":{"self":[{"href":"https:\/\/www.fair.zone\/de\/wp-json\/wp\/v2\/pages\/31","targetHints":{"allow":["GET"]}}],"collection":[{"href":"https:\/\/www.fair.zone\/de\/wp-json\/wp\/v2\/pages"}],"about":[{"href":"https:\/\/www.fair.zone\/de\/wp-json\/wp\/v2\/types\/page"}],"author":[{"embeddable":true,"href":"https:\/\/www.fair.zone\/de\/wp-json\/wp\/v2\/users\/3"}],"replies":[{"embeddable":true,"href":"https:\/\/www.fair.zone\/de\/wp-json\/wp\/v2\/comments?post=31"}],"version-history":[{"count":6,"href":"https:\/\/www.fair.zone\/de\/wp-json\/wp\/v2\/pages\/31\/revisions"}],"predecessor-version":[{"id":5840,"href":"https:\/\/www.fair.zone\/de\/wp-json\/wp\/v2\/pages\/31\/revisions\/5840"}],"wp:attachment":[{"href":"https:\/\/www.fair.zone\/de\/wp-json\/wp\/v2\/media?parent=31"}],"curies":[{"name":"wp","href":"https:\/\/api.w.org\/{rel}","templated":true}]}}