{"id":37,"date":"2020-03-18T16:52:47","date_gmt":"2020-03-18T15:52:47","guid":{"rendered":"https:\/\/www.fair.zone\/?page_id=37"},"modified":"2020-10-14T10:27:38","modified_gmt":"2020-10-14T08:27:38","slug":"ueber-uns","status":"publish","type":"page","link":"https:\/\/www.fair.zone\/de\/fair-zone\/ueber-uns\/","title":{"rendered":"\u00dcber uns"},"content":{"rendered":"\n<div style=\"height:50px\" aria-hidden=\"true\" class=\"wp-block-spacer\"><\/div>\n\n\n\n<div class=\"wp-block-columns lime is-layout-flex wp-container-core-columns-is-layout-9d6595d7 wp-block-columns-is-layout-flex\">\n<div class=\"wp-block-column is-layout-flow wp-block-column-is-layout-flow\" style=\"flex-basis:33.33%\">\n<figure class=\"wp-block-image size-large\"><img loading=\"lazy\" decoding=\"async\" width=\"384\" height=\"384\" src=\"https:\/\/www.fair.zone\/wp-content\/uploads\/2020\/03\/werwirsind.jpg\" alt=\"wer wir sind\" class=\"wp-image-708\" srcset=\"https:\/\/www.fair.zone\/wp-content\/uploads\/2020\/03\/werwirsind.jpg 384w, https:\/\/www.fair.zone\/wp-content\/uploads\/2020\/03\/werwirsind-150x150.jpg 150w\" sizes=\"auto, (max-width: 384px) 100vw, 384px\" \/><\/figure>\n<\/div>\n\n\n\n<div class=\"wp-block-column is-layout-flow wp-block-column-is-layout-flow\" style=\"flex-basis:66.66%\">\n<h1 class=\"wp-block-heading\">FAIR ZONE? Was kann ich mir darunter vorstellen?<\/h1>\n\n\n\n<p>Unter der Marke FAIR ZONE vertreiben wir Fair-Trade-Produkte f\u00fcr Haus und Garten, die wir euch als ersten Schritt hin zu einem plastikfreien Zuhause anbieten. Um dieses Ziel zu erreichen, entwickeln und produzieren wir gemeinsam mit unseren Fair-Trade-Partner*innen Qualit\u00e4ts-Produkte in nachvollziehbaren Produktionsprozessen. So zahlen wir f\u00fcr die Inhaltsstoffe, die wir aus armen Regionen der Welt  beziehen, einen Mehrpreis. Dieser wird f\u00fcr die Verbesserung der Lebens-  und Arbeitsbedingungen der Produzent*innen, Plantagenarbeiter*innen und Kleinb\u00e4uer*innen sowie deren Familien vor Ort verwendet. FAIR ZONE steht f\u00fcr einen fairen Umgang mit allen Beteiligten im Produktionsprozess. <\/p>\n\n\n\n<p>Unser pers\u00f6nlicher Anspruch: menschenw\u00fcrdige Arbeitsbedingungen, \u00f6kologisch nachhaltiges Wirtschaften und der konsequente Verzicht auf Tierversuche sowie Kinderarbeit.<\/p>\n<\/div>\n<\/div>\n\n\n\n<div class=\"wp-block-columns is-layout-flex wp-container-core-columns-is-layout-9d6595d7 wp-block-columns-is-layout-flex\">\n<div class=\"wp-block-column is-layout-flow wp-block-column-is-layout-flow\" style=\"flex-basis:33.33%\">\n<figure class=\"wp-block-image size-large\"><img loading=\"lazy\" decoding=\"async\" width=\"384\" height=\"384\" src=\"https:\/\/www.fair.zone\/wp-content\/uploads\/2020\/03\/latex.jpg\" alt=\"Latex in Auffangschale\" class=\"wp-image-616\" srcset=\"https:\/\/www.fair.zone\/wp-content\/uploads\/2020\/03\/latex.jpg 384w, https:\/\/www.fair.zone\/wp-content\/uploads\/2020\/03\/latex-150x150.jpg 150w\" sizes=\"auto, (max-width: 384px) 100vw, 384px\" \/><\/figure>\n<\/div>\n\n\n\n<div class=\"wp-block-column is-layout-flow wp-block-column-is-layout-flow\" style=\"flex-basis:66.66%\">\n<h2 class=\"wp-block-heading\">Wie alles begann<\/h2>\n\n\n\n<p>Rekordtiefpreise f\u00fcr Gummi, beklagenswerte Lebens- und Arbeitsbedingungen von Plantagenarbeiter*innen und die Herausforderungen der kleinb\u00e4uerlichen Gummiproduzent*innen in einem globalen Wettbewerb waren neben den Meldungen zu Erderw\u00e4rmung und Emissionen die Themen, die uns 2006 besch\u00e4ftigten.<\/p>\n\n\n\n<h2 class=\"wp-block-heading\"><strong>Verein f\u00fcr fairen Naturkautschuk<\/strong><\/h2>\n\n\n\n<p>Dass die Liefer- und Anbaubedingungen von Kautschuk bis dato noch nicht Ber\u00fccksichtigung bei der Siegelvergabe und Auditierung von Fairtrade International fanden, brachte uns gemeinsam mit ein paar anderen Mitstreitenden auf einen Plan.<\/p>\n\n\n\n<p>So waren wir die Ersten, die das Konzept des fairen Handels auf Gummiprodukte anwandten und f\u00fchrten die FSC\u00a9-Zertifizierung in der Gummiproduktion ein. Nach einigen Jahren Erfahrung gr\u00fcndeten wir 2012 den Fair Rubber e. V., um die Fair-Trade-Zusammenarbeit auf eine solide Basis zu stellen. Seither werben wir daf\u00fcr, durch den Einsatz von Naturgummi weniger Kunststoffe zu verwenden. Und was nur wenige wissen: Kautschukb\u00e4ume absorbieren mehr CO<sub>2<\/sub> pro qm als tropischer Regenwald. Au\u00dferdem bewerben wir, dass durch die Zertifizierung von Produkten und den Verkauf dieser ein aktiver Beitrag f\u00fcr die Verbesserung der Lebens- und Arbeitsbedingungen in den Plantagen geleistet wird.<\/p>\n\n\n\n<h2 class=\"wp-block-heading\"><strong>Umfangreiches Wissen und Produktinnovationen<\/strong><\/h2>\n\n\n\n<p>Seit der Gr\u00fcndung des Fair Rubber e. V. und unserem pers\u00f6nlichen Engagement f\u00fcr fairen Naturkautschuk haben sich selbstverst\u00e4ndlich ein viel umfassendes Wissen \u00fcber fairen Handel, eine Faszination f\u00fcr den Rohstoff und eine pers\u00f6nliche Verbundenheit zu den Menschen in den Produktionsl\u00e4ndern entwickelt. <\/p>\n\n\n\n<p>Und t\u00e4glich haben wir uns gefragt, warum niemand das eine oder andere Kunststoffprodukt aus dem nachwachsenden Rohstoff Kautschuk herstellt. Diese Frage stellen wir uns heute nicht mehr. Wir sind mit FAIR ZONE gestartet und bringen das Gummi wieder in den Alltag. Dort, wo es hingeh\u00f6rt und seine absolute Berechtigung hat. Als nachhaltiger, nachwachsender Rohstoff, der das Zeug dazu hat, vielen Kunststoffartikeln den Rang abzulaufen.<\/p>\n<\/div>\n<\/div>\n\n\n\n<div style=\"height:50px\" aria-hidden=\"true\" class=\"wp-block-spacer\"><\/div>\n\n\n\n<div class=\"wp-block-columns is-layout-flex wp-container-core-columns-is-layout-9d6595d7 wp-block-columns-is-layout-flex\">\n<div class=\"wp-block-column is-layout-flow wp-block-column-is-layout-flow\" style=\"flex-basis:33.33%\">\n<figure class=\"wp-block-image size-large\"><img loading=\"lazy\" decoding=\"async\" width=\"384\" height=\"384\" src=\"https:\/\/www.fair.zone\/wp-content\/uploads\/2020\/04\/fasq.jpg\" alt=\"Logo FAIR SQUARED\" class=\"wp-image-837\" srcset=\"https:\/\/www.fair.zone\/wp-content\/uploads\/2020\/04\/fasq.jpg 384w, https:\/\/www.fair.zone\/wp-content\/uploads\/2020\/04\/fasq-150x150.jpg 150w\" sizes=\"auto, (max-width: 384px) 100vw, 384px\" \/><\/figure>\n<\/div>\n\n\n\n<div class=\"wp-block-column is-layout-flow wp-block-column-is-layout-flow\" style=\"flex-basis:66.66%\">\n<h2 class=\"wp-block-heading\">FAIR ZONE \u2013 eine Marke von FAIR SQUARED<\/h2>\n\n\n\n<p>Hinter der Marke stecken viele Jahre Erfahrung im fairen Handel, genau genommen die Firma FAIR SQUARED aus K\u00f6ln. Denn unter diesem Namen sind wir damals 2005 angetreten, um das Thema fairer Handel auf die Naturkosmetik- und Hygienebranche auszuweiten. Was mit Handcremes und Lippenpflege startete, hat sich schnell zu einem breiten Portfolio an FAIRpflegenden Produkten entwickelt. <\/p>\n\n\n\n<h3 class=\"wp-block-heading\">Sei die FAIR\u00e4nderung in der Welt!<\/h3>\n\n\n\n<p>Und was wir daraus gelernt haben? Fairer Handel lohnt sich \u2013 definitiv. So sind wir mit dem Gedanken vorangeschritten, auch die Bereiche Haushalt, Garten und Freizeit zu FAIR\u00e4ndern &#8211; mit nachhaltigen und fairen Rohstoffen zu Produkten, die den Unterschied machen. FAIRwandelst du gemeinsam mit uns dein Zuhause in eine FAIR ZONE?<\/p>\n<\/div>\n<\/div>\n","protected":false},"excerpt":{"rendered":"<p>FAIR ZONE? Was kann ich mir darunter vorstellen? Unter der Marke FAIR ZONE vertreiben wir Fair-Trade-Produkte f\u00fcr Haus und Garten, die wir euch als ersten Schritt hin zu einem plastikfreien Zuhause anbieten. Um dieses Ziel zu erreichen, entwickeln und produzieren wir gemeinsam mit unseren Fair-Trade-Partner*innen Qualit\u00e4ts-Produkte in nachvollziehbaren [&hellip;]<\/p>\n","protected":false},"author":3,"featured_media":0,"parent":12,"menu_order":1,"comment_status":"closed","ping_status":"closed","template":"","meta":{"_acf_changed":false,"footnotes":""},"class_list":["post-37","page","type-page","status-publish","hentry"],"acf":[],"_links":{"self":[{"href":"https:\/\/www.fair.zone\/de\/wp-json\/wp\/v2\/pages\/37","targetHints":{"allow":["GET"]}}],"collection":[{"href":"https:\/\/www.fair.zone\/de\/wp-json\/wp\/v2\/pages"}],"about":[{"href":"https:\/\/www.fair.zone\/de\/wp-json\/wp\/v2\/types\/page"}],"author":[{"embeddable":true,"href":"https:\/\/www.fair.zone\/de\/wp-json\/wp\/v2\/users\/3"}],"replies":[{"embeddable":true,"href":"https:\/\/www.fair.zone\/de\/wp-json\/wp\/v2\/comments?post=37"}],"version-history":[{"count":5,"href":"https:\/\/www.fair.zone\/de\/wp-json\/wp\/v2\/pages\/37\/revisions"}],"predecessor-version":[{"id":3350,"href":"https:\/\/www.fair.zone\/de\/wp-json\/wp\/v2\/pages\/37\/revisions\/3350"}],"up":[{"embeddable":true,"href":"https:\/\/www.fair.zone\/de\/wp-json\/wp\/v2\/pages\/12"}],"wp:attachment":[{"href":"https:\/\/www.fair.zone\/de\/wp-json\/wp\/v2\/media?parent=37"}],"curies":[{"name":"wp","href":"https:\/\/api.w.org\/{rel}","templated":true}]}}