{"id":39,"date":"2020-03-18T16:53:44","date_gmt":"2020-03-18T15:53:44","guid":{"rendered":"https:\/\/www.fair.zone\/?page_id=39"},"modified":"2020-10-14T10:12:10","modified_gmt":"2020-10-14T08:12:10","slug":"we-%e2%99%a5-rubber","status":"publish","type":"page","link":"https:\/\/www.fair.zone\/de\/fair-zone\/we-%e2%99%a5-rubber\/","title":{"rendered":"We \u2665 Rubber"},"content":{"rendered":"\n<div style=\"height:50px\" aria-hidden=\"true\" class=\"wp-block-spacer\"><\/div>\n\n\n\n<div class=\"wp-block-columns lime is-layout-flex wp-container-core-columns-is-layout-9d6595d7 wp-block-columns-is-layout-flex\">\n<div class=\"wp-block-column is-layout-flow wp-block-column-is-layout-flow\" style=\"flex-basis:33.33%\">\n<figure class=\"wp-block-image size-large\"><img loading=\"lazy\" decoding=\"async\" width=\"384\" height=\"384\" src=\"https:\/\/www.fair.zone\/wp-content\/uploads\/2020\/03\/latex.jpg\" alt=\"Latex in Auffangschale\" class=\"wp-image-616\" srcset=\"https:\/\/www.fair.zone\/wp-content\/uploads\/2020\/03\/latex.jpg 384w, https:\/\/www.fair.zone\/wp-content\/uploads\/2020\/03\/latex-150x150.jpg 150w\" sizes=\"auto, (max-width: 384px) 100vw, 384px\" \/><\/figure>\n<\/div>\n\n\n\n<div class=\"wp-block-column is-layout-flow wp-block-column-is-layout-flow\" style=\"flex-basis:66.66%\">\n<h1 class=\"wp-block-heading\">Kautschuk, der Klimaretter?<\/h1>\n\n\n\n<p>Der Kautschukbaum Hevea brasiliensis hat neben der Produktion seiner Latexmilch (dem Harz des Kautschukbaums) eine weitere, enorme Bedeutung fu\u0308r uns. Wa\u0308hrend ihres Lebens absorbieren Kautschukba\u0308ume CO<sub>2<\/sub> und wirken so dem Klimawandel entgegen. Und dies kann in gro\u00dfen Mengen erfolgen, denn Kautschukba\u0308ume absorbieren mehr CO<sub>2<\/sub> als tropischer Regenwald. Synthetischer Gummi hingegen wird aus Erdo\u0308l hergestellt und vermehrt das CO<sub>2<\/sub> in der Luft. Nach dem Fa\u0308llen der Ba\u0308ume wird das wertvolle und vielseitig verwendbare Holz der Holzindustrie zugefu\u0308hrt und zu zahlreichen Bau- und Holzprodukten verarbeitet, sodass das CO<sub>2<\/sub> fu\u0308r viele Jahre gebunden bleibt.<\/p>\n<\/div>\n<\/div>\n\n\n\n<div style=\"height:50px\" aria-hidden=\"true\" class=\"wp-block-spacer\"><\/div>\n\n\n\n<h2 class=\"wp-block-heading\">Direkter Einfluss aufs Klima durch bewussten Konsum<\/h2>\n\n\n\n<p>Aus diesem Grund k\u00f6nnen wir selbst aktiv dem Klimawandel entgegenwirken. Indem wir uns beim Kauf f\u00fcr Kautschukprodukte entscheiden und nicht auf solche aus synthetischem Gummi aufgrund ihrer negativen CO<sub>2<\/sub>-Bilanz zur\u00fcckgreifen. Das steigert die Nachfrage und Produktion von umweltvertr\u00e4glicherem Kautschuk; die B\u00e4ume werden vermehrt gepflanzt.<\/p>\n\n\n\n<p>Leider ist jedoch ein gegenteiliger Trend zu verzeichnen. Aufgrund der geringen Weltmarktpreise von Kautschuk werden die gefa\u0308llten Ba\u0308ume oftmals durch Palmen ersetzt. Denn das Gescha\u0308ft mit Palmo\u0308l boomt weltweit.<\/p>\n\n\n\n<h2 class=\"wp-block-heading\"><strong>Vom Baum zum Latex-Cr\u00e8pe: die ersten Schritte<\/strong><\/h2>\n\n\n\n<div style=\"height:50px\" aria-hidden=\"true\" class=\"wp-block-spacer\"><\/div>\n\n\n\n<figure class=\"wp-block-gallery columns-3 is-cropped wp-block-gallery-1 is-layout-flex wp-block-gallery-is-layout-flex\"><ul class=\"blocks-gallery-grid\"><li class=\"blocks-gallery-item\"><figure><img loading=\"lazy\" decoding=\"async\" width=\"384\" height=\"270\" src=\"https:\/\/www.fair.zone\/wp-content\/uploads\/2020\/03\/Rubber_0.jpg\" alt=\"Eine Latexplantage erinnert an eher an eine Wald als an eine Plantage\" data-id=\"630\" data-full-url=\"https:\/\/www.fair.zone\/wp-content\/uploads\/2020\/03\/Rubber_0.jpg\" data-link=\"https:\/\/www.fair.zone\/de\/rubber_0\/\" class=\"wp-image-630\"\/><figcaption class=\"blocks-gallery-item__caption\"><em><em>Blick auf Plantage der Hevea brasiliensis<\/em><\/em><\/figcaption><\/figure><\/li><li class=\"blocks-gallery-item\"><figure><img loading=\"lazy\" decoding=\"async\" width=\"384\" height=\"270\" src=\"https:\/\/www.fair.zone\/wp-content\/uploads\/2020\/03\/rubber_1.jpg\" alt=\"Latexzapferin\" data-id=\"614\" data-full-url=\"https:\/\/www.fair.zone\/wp-content\/uploads\/2020\/03\/rubber_1.jpg\" data-link=\"https:\/\/www.fair.zone\/de\/rubber_1\/\" class=\"wp-image-614\"\/><figcaption class=\"blocks-gallery-item__caption\"><em><em>Latexzapferin neben Gummibaum<\/em><\/em><\/figcaption><\/figure><\/li><li class=\"blocks-gallery-item\"><figure><img loading=\"lazy\" decoding=\"async\" width=\"384\" height=\"270\" src=\"https:\/\/www.fair.zone\/wp-content\/uploads\/2020\/03\/rubber_2.jpg\" alt=\"Schlitzen des Baums zur Latexgewinnung\" data-id=\"612\" data-full-url=\"https:\/\/www.fair.zone\/wp-content\/uploads\/2020\/03\/rubber_2.jpg\" data-link=\"https:\/\/www.fair.zone\/de\/rubber_2\/\" class=\"wp-image-612\"\/><figcaption class=\"blocks-gallery-item__caption\"><em><em>Einritzen der Rinde<\/em><\/em><\/figcaption><\/figure><\/li><li class=\"blocks-gallery-item\"><figure><img loading=\"lazy\" decoding=\"async\" width=\"384\" height=\"270\" src=\"https:\/\/www.fair.zone\/wp-content\/uploads\/2020\/03\/rubber_3.jpg\" alt=\"Latexernte tropft in Auffangbeh\u00e4lter\" data-id=\"610\" data-full-url=\"https:\/\/www.fair.zone\/wp-content\/uploads\/2020\/03\/rubber_3.jpg\" data-link=\"https:\/\/www.fair.zone\/de\/rubber_3\/\" class=\"wp-image-610\"\/><figcaption class=\"blocks-gallery-item__caption\"><em><em>Latexmilch flie\u00dft in Schale<\/em><\/em><\/figcaption><\/figure><\/li><li class=\"blocks-gallery-item\"><figure><img loading=\"lazy\" decoding=\"async\" width=\"384\" height=\"270\" src=\"https:\/\/www.fair.zone\/wp-content\/uploads\/2020\/03\/rubber_4.jpg\" alt=\"Messen der Latexmasse\" data-id=\"608\" data-full-url=\"https:\/\/www.fair.zone\/wp-content\/uploads\/2020\/03\/rubber_4.jpg\" data-link=\"https:\/\/www.fair.zone\/de\/rubber_4\/\" class=\"wp-image-608\"\/><figcaption class=\"blocks-gallery-item__caption\"><em><em>Latexgehalt wird ermittelt<\/em><\/em><\/figcaption><\/figure><\/li><li class=\"blocks-gallery-item\"><figure><img loading=\"lazy\" decoding=\"async\" width=\"384\" height=\"270\" src=\"https:\/\/www.fair.zone\/wp-content\/uploads\/2020\/03\/rubber_5.jpg\" alt=\"Abtransport der Latexernte\" data-id=\"606\" data-full-url=\"https:\/\/www.fair.zone\/wp-content\/uploads\/2020\/03\/rubber_5.jpg\" data-link=\"https:\/\/www.fair.zone\/de\/rubber_5\/\" class=\"wp-image-606\"\/><figcaption class=\"blocks-gallery-item__caption\"><em><em>Geernteter Latex wird eingesammelt<\/em><\/em><\/figcaption><\/figure><\/li><\/ul><\/figure>\n\n\n\n<div style=\"height:50px\" aria-hidden=\"true\" class=\"wp-block-spacer\"><\/div>\n\n\n\n<h2 class=\"wp-block-heading\">Die Story hinter Naturkautschuk<\/h2>\n\n\n\n<p>Das schneewei\u00dfe Harz des Kautschukbaumes (Hevea brasiliensis) wurde von den Indigenen Su\u0308d- und Mittelamerikas gesammelt, da sich der Naturkautschuk aufgrund seiner elastischen Eigenschaften schon damals fu\u0308r verschiedene Zwecke nutzen lie\u00df.<\/p>\n\n\n\n<h3 class=\"wp-block-heading\">Wertvoller Rohstoff<\/h3>\n\n\n\n<p>Die Entdeckung der Vulkanisierung durch Charles Goodyear fu\u0308hrte nach 1839 zu einem rasanten Wachstum der Nachfrage nach Kautschuk. Kautschuk wurde schnell zu einem wichtigen und begehrten Rohstoff f\u00fcr viele Produkte und wurde schon im neunzehnten Jahrhundert industriell verarbeitet. Fru\u0308her wie heute ist Kautschuk immer noch aufgrund seiner Eigenschaften ein unverzichtbarer Bestandteil der Reifenindustrie.<\/p>\n\n\n\n<div style=\"height:50px\" aria-hidden=\"true\" class=\"wp-block-spacer\"><\/div>\n\n\n\n<figure class=\"wp-block-gallery columns-3 is-cropped wp-block-gallery-2 is-layout-flex wp-block-gallery-is-layout-flex\"><ul class=\"blocks-gallery-grid\"><li class=\"blocks-gallery-item\"><figure><img loading=\"lazy\" decoding=\"async\" width=\"384\" height=\"270\" src=\"https:\/\/www.fair.zone\/wp-content\/uploads\/2020\/03\/rubber_6.jpg\" alt=\"Durch eine Art &quot;Gerinnung&quot; wird der Latex zu Rohkautschuk\" data-id=\"620\" data-full-url=\"https:\/\/www.fair.zone\/wp-content\/uploads\/2020\/03\/rubber_6.jpg\" data-link=\"https:\/\/www.fair.zone\/de\/rubber_6\/\" class=\"wp-image-620\"\/><figcaption class=\"blocks-gallery-item__caption\"><em><em>Weiterverarbeitung der Latexmilch<\/em><\/em><\/figcaption><\/figure><\/li><li class=\"blocks-gallery-item\"><figure><img loading=\"lazy\" decoding=\"async\" width=\"384\" height=\"270\" src=\"https:\/\/www.fair.zone\/wp-content\/uploads\/2020\/03\/rubber_7.jpg\" alt=\"Die Kautschukmasse wird zu gleichm\u00e4\u00dfigen Bahnen gewalzt\" data-id=\"622\" data-full-url=\"https:\/\/www.fair.zone\/wp-content\/uploads\/2020\/03\/rubber_7.jpg\" data-link=\"https:\/\/www.fair.zone\/de\/rubber_7\/\" class=\"wp-image-622\"\/><figcaption class=\"blocks-gallery-item__caption\"><em><em>Latexbahnen, Cr\u00e8pes, werden gepresst<\/em><\/em><\/figcaption><\/figure><\/li><li class=\"blocks-gallery-item\"><figure><img loading=\"lazy\" decoding=\"async\" width=\"384\" height=\"270\" src=\"https:\/\/www.fair.zone\/wp-content\/uploads\/2020\/03\/rubber_8.jpg\" alt=\"Verschmutzungen werden entfernt\" data-id=\"624\" data-full-url=\"https:\/\/www.fair.zone\/wp-content\/uploads\/2020\/03\/rubber_8.jpg\" data-link=\"https:\/\/www.fair.zone\/de\/rubber_8\/\" class=\"wp-image-624\"\/><figcaption class=\"blocks-gallery-item__caption\"><em><em>Qualit\u00e4tskontrolle der fertigen Cr\u00e8pes<\/em><\/em><\/figcaption><\/figure><\/li><li class=\"blocks-gallery-item\"><figure><img loading=\"lazy\" decoding=\"async\" width=\"384\" height=\"270\" src=\"https:\/\/www.fair.zone\/wp-content\/uploads\/2020\/03\/rubber_9.jpg\" alt=\"Die Bahnen werden in genormte St\u00fccke geschnitten\" data-id=\"626\" data-full-url=\"https:\/\/www.fair.zone\/wp-content\/uploads\/2020\/03\/rubber_9.jpg\" data-link=\"https:\/\/www.fair.zone\/de\/rubber_9\/\" class=\"wp-image-626\"\/><figcaption class=\"blocks-gallery-item__caption\"><em><em>\u00dcberpr\u00fcfung der fertigen Kautschukbahnen<\/em><\/em><\/figcaption><\/figure><\/li><li class=\"blocks-gallery-item\"><figure><img loading=\"lazy\" decoding=\"async\" width=\"384\" height=\"270\" src=\"https:\/\/www.fair.zone\/wp-content\/uploads\/2020\/03\/rubber_10.jpg\" alt=\"Das wei\u00dfe Gold Sri Lanka's wird zur weiteren Verarbeitung an die Fabriken gesendet\" data-id=\"628\" data-full-url=\"https:\/\/www.fair.zone\/wp-content\/uploads\/2020\/03\/rubber_10.jpg\" data-link=\"https:\/\/www.fair.zone\/de\/rubber_10\/\" class=\"wp-image-628\"\/><figcaption class=\"blocks-gallery-item__caption\"><em><em>Naturkautschukbahnen sind bereit f\u00fcr die Weiterverarbeitung<\/em><\/em><\/figcaption><\/figure><\/li><\/ul><\/figure>\n\n\n\n<div style=\"height:50px\" aria-hidden=\"true\" class=\"wp-block-spacer\"><\/div>\n\n\n\n<h3 class=\"wp-block-heading\">Kommerzielle Nutzung von Kautschuk<\/h3>\n\n\n\n<p>1832 begann die kommerzielle Nutzung des Kautschuks  in den Regenw\u00e4ldern von Peru und verhalf der Region zu Reichtum und  Ruhm. Im Jahre 1876 sammelte Henry Wickham 70.000 Samen des  Kautschukbaums und schaffte sie nach London. Dort wuchsen daraus 2.000  Pflanzen heran. Bis zur Ankunft in Malaysia \u00fcberlebten jedoch lediglich  acht der jungen Pflanzen. 1910 war das Monopol der Kautschukbarone aus  Peru beendet. &nbsp;<\/p>\n\n\n\n<h3 class=\"wp-block-heading\">R\u00fcckbesinnung auf Vorteile des nachwachsenden Rohstoffs<\/h3>\n\n\n\n<p>Heute werden fu\u0308r viele Zwecke, fu\u0308r die in der Vergangenheit Naturkautschuk eingesetzt wurde, synthetische Kunststoffe genutzt. Eine bedauernswerte Entwicklung, da Kautschuk aus einem nachwachsenden Rohstoff hergestellt wird. Es verrottet, indem es von Mikroorganismen zersetzt wird und fu\u0308gt sich so wieder in den natu\u0308rlichen Kreislauf ein. Mit unseren Produkten m\u00f6chten wir dieser Entwicklung aktiv etwas entgegensetzen. Entscheide Dich f\u00fcr eine nachhaltige Lebensweise und w\u00e4hle unsere Produkte aus FSC\u00ae-zertifiziertem Naturkautschuk!<\/p>\n","protected":false},"excerpt":{"rendered":"<p>Kautschuk, der Klimaretter? Der Kautschukbaum Hevea brasiliensis hat neben der Produktion seiner Latexmilch (dem Harz des Kautschukbaums) eine weitere, enorme Bedeutung fu\u0308r uns. Wa\u0308hrend ihres Lebens absorbieren Kautschukba\u0308ume CO2 und wirken so dem Klimawandel entgegen. Und dies kann in gro\u00dfen Mengen erfolgen, denn Kautschukba\u0308ume absorbieren mehr CO2 als [&hellip;]<\/p>\n","protected":false},"author":3,"featured_media":0,"parent":12,"menu_order":2,"comment_status":"closed","ping_status":"closed","template":"","meta":{"_acf_changed":false,"footnotes":""},"class_list":["post-39","page","type-page","status-publish","hentry"],"acf":[],"_links":{"self":[{"href":"https:\/\/www.fair.zone\/de\/wp-json\/wp\/v2\/pages\/39","targetHints":{"allow":["GET"]}}],"collection":[{"href":"https:\/\/www.fair.zone\/de\/wp-json\/wp\/v2\/pages"}],"about":[{"href":"https:\/\/www.fair.zone\/de\/wp-json\/wp\/v2\/types\/page"}],"author":[{"embeddable":true,"href":"https:\/\/www.fair.zone\/de\/wp-json\/wp\/v2\/users\/3"}],"replies":[{"embeddable":true,"href":"https:\/\/www.fair.zone\/de\/wp-json\/wp\/v2\/comments?post=39"}],"version-history":[{"count":7,"href":"https:\/\/www.fair.zone\/de\/wp-json\/wp\/v2\/pages\/39\/revisions"}],"predecessor-version":[{"id":3356,"href":"https:\/\/www.fair.zone\/de\/wp-json\/wp\/v2\/pages\/39\/revisions\/3356"}],"up":[{"embeddable":true,"href":"https:\/\/www.fair.zone\/de\/wp-json\/wp\/v2\/pages\/12"}],"wp:attachment":[{"href":"https:\/\/www.fair.zone\/de\/wp-json\/wp\/v2\/media?parent=39"}],"curies":[{"name":"wp","href":"https:\/\/api.w.org\/{rel}","templated":true}]}}