{"id":41,"date":"2020-03-18T16:54:15","date_gmt":"2020-03-18T15:54:15","guid":{"rendered":"https:\/\/www.fair.zone\/?page_id=41"},"modified":"2025-02-08T22:01:30","modified_gmt":"2025-02-08T21:01:30","slug":"prinzipien","status":"publish","type":"page","link":"https:\/\/www.fair.zone\/de\/fair-zone\/prinzipien\/","title":{"rendered":"Prinzipien"},"content":{"rendered":"\n<div class=\"wp-block-columns lime is-layout-flex wp-container-core-columns-is-layout-9d6595d7 wp-block-columns-is-layout-flex\">\n<div class=\"wp-block-column is-layout-flow wp-block-column-is-layout-flow\" style=\"flex-basis:33.33%\">\n<figure class=\"wp-block-image size-large\"><img loading=\"lazy\" decoding=\"async\" width=\"384\" height=\"384\" src=\"https:\/\/www.fair.zone\/wp-content\/uploads\/2020\/03\/go-fair.jpg\" alt=\"Go Fair\" class=\"wp-image-468\" srcset=\"https:\/\/www.fair.zone\/wp-content\/uploads\/2020\/03\/go-fair.jpg 384w, https:\/\/www.fair.zone\/wp-content\/uploads\/2020\/03\/go-fair-150x150.jpg 150w\" sizes=\"auto, (max-width: 384px) 100vw, 384px\" \/><\/figure>\n<\/div>\n\n\n\n<div class=\"wp-block-column is-layout-flow wp-block-column-is-layout-flow\" style=\"flex-basis:66.66%\">\n<h1 class=\"wp-block-heading\">Unsere Prinzipien<\/h1>\n\n\n\n<p>Transparenz, Nachhaltigkeit und Sozial- sowie Umweltvertr\u00e4glichkeit spielen seit der Gr\u00fcndung unserer in K\u00f6ln ans\u00e4ssigen GmbH eine \u00fcbergeordnete Rolle. Bei all unseren Bem\u00fchungen sind wir darauf bedacht, unseren \u00f6kologischen Fu\u00dfabdruck so gering wie m\u00f6glich zu halten und nicht unn\u00f6tig Ressourcen zu verbrauchen. Als Kernthema hat sich der faire Handel und mit ihm die Solidarit\u00e4t mit Menschen in benachteiligten Regionen dieser Erde gebildet, w\u00e4hrend Werte wie Tier- und Umweltschutz uns ebenso wichtig sind.<\/p>\n<\/div>\n<\/div>\n\n\n\n<div class=\"wp-block-columns is-layout-flex wp-container-core-columns-is-layout-9d6595d7 wp-block-columns-is-layout-flex\">\n<div class=\"wp-block-column is-layout-flow wp-block-column-is-layout-flow\" style=\"flex-basis:33.33%\"><\/div>\n\n\n\n<div class=\"wp-block-column is-layout-flow wp-block-column-is-layout-flow\" style=\"flex-basis:66.66%\">\n<h2 class=\"wp-block-heading\">Das Bestm\u00f6gliche erreichen \u2013 f\u00fcr alle Beteiligten<\/h2>\n\n\n\n<p>Wir m\u00f6chten unsere Produkte in m\u00f6glichst breiter Verf\u00fcgbarkeit sehen, um so das Optimale f\u00fcr die Produzierenden vor Ort erzielen zu k\u00f6nnen. Durch unsere langj\u00e4hrige Erfahrung k\u00f6nnen wir auf ein breites Vertriebsnetz und wertvolle Partnerschaften zurur\u00fcckgreifen, die mit uns den Fair-Trade-Gedanken weiter in die Welt hinaustragen. Unsere exklusiven Vertriebspartner*innen handeln international mit Naturkost- und Naturkosmetikartikeln sowie weiteren \u00f6kologisch wertvollen Produkten.<\/p>\n<\/div>\n<\/div>\n\n\n\n<div class=\"wp-block-columns is-layout-flex wp-container-core-columns-is-layout-9d6595d7 wp-block-columns-is-layout-flex\">\n<div class=\"wp-block-column is-layout-flow wp-block-column-is-layout-flow\" style=\"flex-basis:33.33%\"><\/div>\n\n\n\n<div class=\"wp-block-column is-layout-flow wp-block-column-is-layout-flow\" style=\"flex-basis:66.66%\">\n<h2 class=\"wp-block-heading\">Dialog auf Augenh\u00f6he<\/h2>\n\n\n\n<p>Die FAIR ZONE Produktionspartner*innen sind wirtschaftlich nicht von FAIR ZONE abh\u00e4ngig. Wir verhandeln auf Augenh\u00f6he, behandeln unsere Partner*innen mit Respekt und stehen mit ihnen in einem ehrlichen Dialog. Dies resultiert in langfristigen Vertr\u00e4gen, die mehr Gerechtigkeit im internationalen Handel umsetzen.<\/p>\n<\/div>\n<\/div>\n","protected":false},"excerpt":{"rendered":"<p>Unsere Prinzipien Transparenz, Nachhaltigkeit und Sozial- sowie Umweltvertr\u00e4glichkeit spielen seit der Gr\u00fcndung unserer in K\u00f6ln ans\u00e4ssigen GmbH eine \u00fcbergeordnete Rolle. Bei all unseren Bem\u00fchungen sind wir darauf bedacht, unseren \u00f6kologischen Fu\u00dfabdruck so gering wie m\u00f6glich zu halten und nicht unn\u00f6tig Ressourcen zu verbrauchen. Als Kernthema hat sich der [&hellip;]<\/p>\n","protected":false},"author":3,"featured_media":0,"parent":12,"menu_order":3,"comment_status":"closed","ping_status":"closed","template":"","meta":{"_acf_changed":false,"footnotes":""},"class_list":["post-41","page","type-page","status-publish","hentry"],"acf":[],"_links":{"self":[{"href":"https:\/\/www.fair.zone\/de\/wp-json\/wp\/v2\/pages\/41","targetHints":{"allow":["GET"]}}],"collection":[{"href":"https:\/\/www.fair.zone\/de\/wp-json\/wp\/v2\/pages"}],"about":[{"href":"https:\/\/www.fair.zone\/de\/wp-json\/wp\/v2\/types\/page"}],"author":[{"embeddable":true,"href":"https:\/\/www.fair.zone\/de\/wp-json\/wp\/v2\/users\/3"}],"replies":[{"embeddable":true,"href":"https:\/\/www.fair.zone\/de\/wp-json\/wp\/v2\/comments?post=41"}],"version-history":[{"count":1,"href":"https:\/\/www.fair.zone\/de\/wp-json\/wp\/v2\/pages\/41\/revisions"}],"predecessor-version":[{"id":2316,"href":"https:\/\/www.fair.zone\/de\/wp-json\/wp\/v2\/pages\/41\/revisions\/2316"}],"up":[{"embeddable":true,"href":"https:\/\/www.fair.zone\/de\/wp-json\/wp\/v2\/pages\/12"}],"wp:attachment":[{"href":"https:\/\/www.fair.zone\/de\/wp-json\/wp\/v2\/media?parent=41"}],"curies":[{"name":"wp","href":"https:\/\/api.w.org\/{rel}","templated":true}]}}