{"id":45,"date":"2020-03-18T16:55:43","date_gmt":"2020-03-18T15:55:43","guid":{"rendered":"https:\/\/www.fair.zone\/?page_id=45"},"modified":"2020-10-26T12:35:47","modified_gmt":"2020-10-26T11:35:47","slug":"fair-rubber","status":"publish","type":"page","link":"https:\/\/www.fair.zone\/de\/partner\/fair-rubber\/","title":{"rendered":"Fair Rubber"},"content":{"rendered":"\n<div style=\"height:50px\" aria-hidden=\"true\" class=\"wp-block-spacer\"><\/div>\n\n\n\n<div class=\"wp-block-columns lime is-layout-flex wp-container-core-columns-is-layout-9d6595d7 wp-block-columns-is-layout-flex\">\n<div class=\"wp-block-column is-layout-flow wp-block-column-is-layout-flow\" style=\"flex-basis:33.33%\">\n<figure class=\"wp-block-image size-large\"><img loading=\"lazy\" decoding=\"async\" width=\"384\" height=\"270\" src=\"https:\/\/www.fair.zone\/wp-content\/uploads\/2020\/03\/fairrubber-logo.jpg\" alt=\"Fair Rubber Logo\" class=\"wp-image-661\"\/><\/figure>\n<\/div>\n\n\n\n<div class=\"wp-block-column is-layout-flow wp-block-column-is-layout-flow\" style=\"flex-basis:66.66%\">\n<h1 class=\"wp-block-heading\">Fair Rubber e. V.<\/h1>\n\n\n\n<p>Die Fair Label Organisation e. V. (FLO) erfasst mit ihrem Siegelsystem nicht alle Rohstoffe. So f\u00e4llt zum Beispiel Naturkautschuk \u2013 in fl\u00fcssiger Form: Latex \u2013 nicht in deren Liste der zu zertifizierenden Rohstoffe. Bei Naturkautschuk, das h\u00e4ufig als Gummi bezeichnet wird, handelt es sich um den Saft des tropischen Baums Hevea brasiliensis. Um garantieren zu k\u00f6nnen, dass bei den Anbaubedingungen und dem Weiterverkauf die Arbeits- und Lebensbedingungen verbessert werden, hat sich der Verein Fair Rubber e. V. gegr\u00fcndet. Dieser \u00fcbertr\u00e4gt mit seiner Arbeit die Prinzipien des fairen Handels auf den Kautschukanbau und vergibt f\u00fcr entsprechende Produkte das Fair-Rubber-Logo.<\/p>\n<\/div>\n<\/div>\n\n\n\n<div style=\"height:50px\" aria-hidden=\"true\" class=\"wp-block-spacer\"><\/div>\n\n\n\n<h2 class=\"wp-block-heading\"><strong>Fair Rubber: der Hintergrund<\/strong><\/h2>\n\n\n\n<p>Dass fairer Handel gut f\u00fcr die Beteiligten ist, hat bereits das bekannte Fairtrade-Logo unter Beweis gestellt. Die Idee hinter Fair Rubber: Den Prim\u00e4rproduzent*innen von nat\u00fcrlichem Kautschuk, den Kleinb\u00e4uer*innen und Plantagenarbeiter*innen soll durch das System die Teilnahme am fairen Handel erm\u00f6glicht werden. \u00dcblicherweise werden niedrige Preise f\u00fcr das Erzeugnis des Kautschukbaums gezahlt. So niedrig, dass es ihnen nicht m\u00f6glich ist, ausk\u00f6mmliche Verh\u00e4ltnisse f\u00fcr ihre Familien zu schaffen.<\/p>\n\n\n\n<figure class=\"wp-block-gallery columns-3 is-cropped wp-block-gallery-1 is-layout-flex wp-block-gallery-is-layout-flex\"><ul class=\"blocks-gallery-grid\"><li class=\"blocks-gallery-item\"><figure><img loading=\"lazy\" decoding=\"async\" width=\"384\" height=\"497\" src=\"https:\/\/www.fair.zone\/wp-content\/uploads\/2020\/03\/projekt_2.jpg\" alt=\"Spielplatzausr\u00fcstung\" data-id=\"647\" data-full-url=\"https:\/\/www.fair.zone\/wp-content\/uploads\/2020\/03\/projekt_2.jpg\" data-link=\"https:\/\/www.fair.zone\/de\/projekt_2\/\" class=\"wp-image-647\"\/><\/figure><\/li><li class=\"blocks-gallery-item\"><figure><img loading=\"lazy\" decoding=\"async\" width=\"384\" height=\"497\" src=\"https:\/\/www.fair.zone\/wp-content\/uploads\/2020\/03\/Projekt_10.jpg\" alt=\"Bau und Betrieb von Kinderg\u00e4rten f\u00fcr Kinder von Plantagenarbeitern\" data-id=\"657\" data-full-url=\"https:\/\/www.fair.zone\/wp-content\/uploads\/2020\/03\/Projekt_10.jpg\" data-link=\"https:\/\/www.fair.zone\/de\/projekt_10\/\" class=\"wp-image-657\"\/><\/figure><\/li><li class=\"blocks-gallery-item\"><figure><img loading=\"lazy\" decoding=\"async\" width=\"384\" height=\"497\" src=\"https:\/\/www.fair.zone\/wp-content\/uploads\/2020\/03\/projekt_1.jpg\" alt=\"Lap-Top als Studienausstattung f\u00fcr Tochter von Plantagenarbeiterfamilie\" data-id=\"649\" data-full-url=\"https:\/\/www.fair.zone\/wp-content\/uploads\/2020\/03\/projekt_1.jpg\" data-link=\"https:\/\/www.fair.zone\/de\/projekt_1\/\" class=\"wp-image-649\"\/><\/figure><\/li><\/ul><\/figure>\n\n\n\n<div style=\"height:50px\" aria-hidden=\"true\" class=\"wp-block-spacer\"><\/div>\n\n\n\n<h3 class=\"wp-block-heading\"><strong>Wof\u00fcr setzt sich der Verein ein?<\/strong><\/h3>\n\n\n\n<p>Auf dem Weg zu gerechteren Handelsbeziehungen hat sich Fair Rubber dazu entschieden, eine Fair-Trade-Pr\u00e4mie von 0,50 \u20ac Pr\u00e4mie pro kg Trockenmasse auszuzahlen. Mit dieser Zusatzzahlung wird soweit wie m\u00f6glich sichergestellt, dass selbst bei niedrigen Weltmarktpreisen die Produktionskosten f\u00fcr den Kautschuk gedeckt sind. Zudem bleibt ein kleiner finanzieller Spielraum, der zus\u00e4tzliche Ma\u00dfnahmen vor Ort, die der Verbesserung der Lebens- und Arbeitsbedingungen dienen, erm\u00f6glicht. Wie auch bei FLO entscheidet \u00fcber die Verwendung der Pr\u00e4mie entweder der Vorstand der Kleinbauernvereinigung oder im Fall von Plantagen ein gew\u00e4hltes Gremium, das aus Belegschaftsvertreter*innenn und Delegierten des Managements besteht.<\/p>\n\n\n\n<figure class=\"wp-block-gallery columns-3 is-cropped wp-block-gallery-2 is-layout-flex wp-block-gallery-is-layout-flex\"><ul class=\"blocks-gallery-grid\"><li class=\"blocks-gallery-item\"><figure><img loading=\"lazy\" decoding=\"async\" width=\"384\" height=\"270\" src=\"https:\/\/www.fair.zone\/wp-content\/uploads\/2020\/03\/Projekt_11.jpg\" alt=\"Bau eines Gemeinde- \/Versammlungszentrums f\u00fcr Plantagenarbeiter\" data-id=\"659\" data-full-url=\"https:\/\/www.fair.zone\/wp-content\/uploads\/2020\/03\/Projekt_11.jpg\" data-link=\"https:\/\/www.fair.zone\/de\/projekt_11\/\" class=\"wp-image-659\"\/><\/figure><\/li><li class=\"blocks-gallery-item\"><figure><img loading=\"lazy\" decoding=\"async\" width=\"384\" height=\"270\" src=\"https:\/\/www.fair.zone\/wp-content\/uploads\/2020\/03\/Projekt_8.jpg\" alt=\"Renovierung von Br\u00fccke\" data-id=\"653\" data-full-url=\"https:\/\/www.fair.zone\/wp-content\/uploads\/2020\/03\/Projekt_8.jpg\" data-link=\"https:\/\/www.fair.zone\/de\/projekt_8\/\" class=\"wp-image-653\"\/><\/figure><\/li><li class=\"blocks-gallery-item\"><figure><img loading=\"lazy\" decoding=\"async\" width=\"384\" height=\"270\" src=\"https:\/\/www.fair.zone\/wp-content\/uploads\/2020\/03\/Projekt_7.jpg\" alt=\"Zugang zu Trinkwasser durch Brunnenbau\" data-id=\"651\" data-full-url=\"https:\/\/www.fair.zone\/wp-content\/uploads\/2020\/03\/Projekt_7.jpg\" data-link=\"https:\/\/www.fair.zone\/de\/projekt_7\/\" class=\"wp-image-651\"\/><\/figure><\/li><li class=\"blocks-gallery-item\"><figure><img loading=\"lazy\" decoding=\"async\" width=\"384\" height=\"270\" src=\"https:\/\/www.fair.zone\/wp-content\/uploads\/2020\/03\/projekt_12.jpg\" alt=\"eines dechildren education center\" data-id=\"671\" data-full-url=\"https:\/\/www.fair.zone\/wp-content\/uploads\/2020\/03\/projekt_12.jpg\" data-link=\"https:\/\/www.fair.zone\/de\/projekt_12\/\" class=\"wp-image-671\"\/><\/figure><\/li><li class=\"blocks-gallery-item\"><figure><img loading=\"lazy\" decoding=\"async\" width=\"384\" height=\"270\" src=\"https:\/\/www.fair.zone\/wp-content\/uploads\/2020\/03\/Projekt_9.jpg\" alt=\"\" data-id=\"655\" data-full-url=\"https:\/\/www.fair.zone\/wp-content\/uploads\/2020\/03\/Projekt_9.jpg\" data-link=\"https:\/\/www.fair.zone\/de\/projekt_9\/\" class=\"wp-image-655\"\/><\/figure><\/li><li class=\"blocks-gallery-item\"><figure><img loading=\"lazy\" decoding=\"async\" width=\"384\" height=\"270\" src=\"https:\/\/www.fair.zone\/wp-content\/uploads\/2020\/03\/Projekt_3.jpg\" alt=\"Erneuerung von D\u00e4chern von Plantagenarbeitern nach Zerst\u00f6rung durch Unwetter\" data-id=\"645\" data-full-url=\"https:\/\/www.fair.zone\/wp-content\/uploads\/2020\/03\/Projekt_3.jpg\" data-link=\"https:\/\/www.fair.zone\/de\/projekt_3\/\" class=\"wp-image-645\"\/><\/figure><\/li><li class=\"blocks-gallery-item\"><figure><img loading=\"lazy\" decoding=\"async\" width=\"384\" height=\"270\" src=\"https:\/\/www.fair.zone\/wp-content\/uploads\/2020\/03\/projekt_6.jpg\" alt=\"Kochutensilien f\u00fcr Gemeinschaftsfeste\" data-id=\"639\" data-full-url=\"https:\/\/www.fair.zone\/wp-content\/uploads\/2020\/03\/projekt_6.jpg\" data-link=\"https:\/\/www.fair.zone\/de\/projekt_6\/\" class=\"wp-image-639\"\/><\/figure><\/li><li class=\"blocks-gallery-item\"><figure><img loading=\"lazy\" decoding=\"async\" width=\"384\" height=\"270\" src=\"https:\/\/www.fair.zone\/wp-content\/uploads\/2020\/03\/Projekt_5.jpg\" alt=\"Renovierung und Bau von Tempel i den Ansiedlungen der Zapferfamilien\" data-id=\"641\" data-full-url=\"https:\/\/www.fair.zone\/wp-content\/uploads\/2020\/03\/Projekt_5.jpg\" data-link=\"https:\/\/www.fair.zone\/de\/projekt_5\/\" class=\"wp-image-641\"\/><\/figure><\/li><li class=\"blocks-gallery-item\"><figure><img loading=\"lazy\" decoding=\"async\" width=\"384\" height=\"270\" src=\"https:\/\/www.fair.zone\/wp-content\/uploads\/2020\/03\/Projekt_4.jpg\" alt=\"Unsere Ansprechpartner: Vertreterinnen der Arbeiterschaft mit Plantagenleitung\" data-id=\"643\" data-full-url=\"https:\/\/www.fair.zone\/wp-content\/uploads\/2020\/03\/Projekt_4.jpg\" data-link=\"https:\/\/www.fair.zone\/de\/projekt_4\/\" class=\"wp-image-643\"\/><\/figure><\/li><\/ul><\/figure>\n\n\n\n<p>Du m\u00f6chtest mehr \u00fcber die Arbeit von <a href=\"http:\/\/www.fairrubber.org\/\">Fair Rubber<\/a> erfahren? Schau Dich auf der Website des Vereins um.<\/p>\n","protected":false},"excerpt":{"rendered":"<p>Fair Rubber e. V. Die Fair Label Organisation e. V. (FLO) erfasst mit ihrem Siegelsystem nicht alle Rohstoffe. So f\u00e4llt zum Beispiel Naturkautschuk \u2013 in fl\u00fcssiger Form: Latex \u2013 nicht in deren Liste der zu zertifizierenden Rohstoffe. Bei Naturkautschuk, das h\u00e4ufig als Gummi bezeichnet wird, handelt es sich [&hellip;]<\/p>\n","protected":false},"author":3,"featured_media":0,"parent":16,"menu_order":1,"comment_status":"closed","ping_status":"closed","template":"","meta":{"_acf_changed":false,"footnotes":""},"class_list":["post-45","page","type-page","status-publish","hentry"],"acf":[],"_links":{"self":[{"href":"https:\/\/www.fair.zone\/de\/wp-json\/wp\/v2\/pages\/45","targetHints":{"allow":["GET"]}}],"collection":[{"href":"https:\/\/www.fair.zone\/de\/wp-json\/wp\/v2\/pages"}],"about":[{"href":"https:\/\/www.fair.zone\/de\/wp-json\/wp\/v2\/types\/page"}],"author":[{"embeddable":true,"href":"https:\/\/www.fair.zone\/de\/wp-json\/wp\/v2\/users\/3"}],"replies":[{"embeddable":true,"href":"https:\/\/www.fair.zone\/de\/wp-json\/wp\/v2\/comments?post=45"}],"version-history":[{"count":2,"href":"https:\/\/www.fair.zone\/de\/wp-json\/wp\/v2\/pages\/45\/revisions"}],"predecessor-version":[{"id":3365,"href":"https:\/\/www.fair.zone\/de\/wp-json\/wp\/v2\/pages\/45\/revisions\/3365"}],"up":[{"embeddable":true,"href":"https:\/\/www.fair.zone\/de\/wp-json\/wp\/v2\/pages\/16"}],"wp:attachment":[{"href":"https:\/\/www.fair.zone\/de\/wp-json\/wp\/v2\/media?parent=45"}],"curies":[{"name":"wp","href":"https:\/\/api.w.org\/{rel}","templated":true}]}}