{"id":47,"date":"2020-03-18T16:56:07","date_gmt":"2020-03-18T15:56:07","guid":{"rendered":"https:\/\/www.fair.zone\/?page_id=47"},"modified":"2023-12-20T13:53:06","modified_gmt":"2023-12-20T12:53:06","slug":"rice-carry","status":"publish","type":"page","link":"https:\/\/www.fair.zone\/de\/partner\/rice-carry\/","title":{"rendered":"Partner Brands"},"content":{"rendered":"\n<div style=\"height:50px\" aria-hidden=\"true\" class=\"wp-block-spacer\"><\/div>\n\n\n\n<h1 class=\"wp-block-heading\">Partner Brands<\/h1>\n\n\n\n<div class=\"wp-block-columns lime is-layout-flex wp-container-core-columns-is-layout-9d6595d7 wp-block-columns-is-layout-flex\">\n<div class=\"wp-block-column is-layout-flow wp-block-column-is-layout-flow\" style=\"flex-basis:33.33%\">\n<figure class=\"wp-block-image size-full\"><img loading=\"lazy\" decoding=\"async\" width=\"384\" height=\"384\" src=\"https:\/\/www.fair.zone\/wp-content\/uploads\/2023\/07\/384x384_Fairmove_37.jpg\" alt=\"\" class=\"wp-image-5192\" srcset=\"https:\/\/www.fair.zone\/wp-content\/uploads\/2023\/07\/384x384_Fairmove_37.jpg 384w, https:\/\/www.fair.zone\/wp-content\/uploads\/2023\/07\/384x384_Fairmove_37-150x150.jpg 150w\" sizes=\"auto, (max-width: 384px) 100vw, 384px\" \/><\/figure>\n<\/div>\n\n\n\n<div class=\"wp-block-column is-layout-flow wp-block-column-is-layout-flow\" style=\"flex-basis:66.66%\">\n<h1 class=\"wp-block-heading\">FAIRMOVE \u2013 trendige Freizeitartikel aus fairem Handel<\/h1>\n\n\n\n<p>Hobby und Freizeit, Sport und geistige Fitness \u2013 all das vereint die Marke FAIRMOVE mit ihren Produkten. Ein bisschen spirituell, ein bisschen back to the roots und ganz sicher fair zu den Produzent*innen. Die neugegr\u00fcndete Lifestyle-Marke richtet sich an all jene, die zwischen Backpacking, Surfen und Achtsamkeits\u00fcbungen einen Moment f\u00fcr sich suchen.<\/p>\n\n\n\n<h3 class=\"wp-block-heading\">Yogamatte, Flip-Flops und mehr f\u00fcr deinen aktiven Lifestyle<\/h3>\n\n\n\n<p>So ist die vermutlich erste Yogamatte, die zu 100 % aus dem nat\u00fcrlichen Fair-Trade-Latex gefertigte wurde, ebenso fester Bestandteil des Sortiments wie die namensgebenden Zehentrenner FAIRMOVE. Sie bestehen ebenfalls aus dem nachwachsenden, fair gehandelten Rohstoff und versprechen einen besonders hohen Tragekomfort.<\/p>\n<\/div>\n<\/div>\n\n\n\n<hr class=\"wp-block-separator\"\/>\n\n\n\n<div class=\"wp-block-columns cyan is-layout-flex wp-container-core-columns-is-layout-9d6595d7 wp-block-columns-is-layout-flex\">\n<div class=\"wp-block-column is-layout-flow wp-block-column-is-layout-flow\" style=\"flex-basis:33.33%\">\n<figure class=\"wp-block-image size-large\"><img loading=\"lazy\" decoding=\"async\" width=\"384\" height=\"384\" src=\"https:\/\/www.fair.zone\/wp-content\/uploads\/2020\/04\/waves_Schuh.jpg\" alt=\"waves Schuhe\" class=\"wp-image-915\" srcset=\"https:\/\/www.fair.zone\/wp-content\/uploads\/2020\/04\/waves_Schuh.jpg 384w, https:\/\/www.fair.zone\/wp-content\/uploads\/2020\/04\/waves_Schuh-150x150.jpg 150w\" sizes=\"auto, (max-width: 384px) 100vw, 384px\" \/><\/figure>\n<\/div>\n\n\n\n<div class=\"wp-block-column is-layout-flow wp-block-column-is-layout-flow\" style=\"flex-basis:66.66%\">\n<figure class=\"wp-block-image size-large\"><img loading=\"lazy\" decoding=\"async\" width=\"1350\" height=\"185\" src=\"https:\/\/www.fair.zone\/wp-content\/uploads\/2020\/04\/hero_waves.jpg\" alt=\"Hero waves\" class=\"wp-image-865\" srcset=\"https:\/\/www.fair.zone\/wp-content\/uploads\/2020\/04\/hero_waves.jpg 1350w, https:\/\/www.fair.zone\/wp-content\/uploads\/2020\/04\/hero_waves-768x105.jpg 768w\" sizes=\"auto, (max-width: 1350px) 100vw, 1350px\" \/><\/figure>\n\n\n\n<h1 class=\"wp-block-heading\">WAVES: Flip-Flops made in Sri Lanka<\/h1>\n\n\n\n<p>Zwischen der perfekten Erholung am malerischen Strand Sri Lankas und dem gehobenen Leben in der Stadt \u2013 genau hier positioniert sich die Marke <a href=\"https:\/\/www.waves.fashion\/\" data-type=\"URL\" data-id=\"https:\/\/www.waves.fashion\/\" target=\"_blank\" rel=\"noreferrer noopener\">WAVES<\/a>.<\/p>\n\n\n\n<h3 class=\"wp-block-heading\">Let\u2019s do it in fair!<\/h3>\n\n\n\n<p>Weil sich die Sandalen-Klassiker mit ihrem farbenfrohen Design ganz wunderbar in unser Sortiment eingliedern, haben wir sie kurzerhand aus fair gehandeltem Naturkautschuk fertigen lassen. Das Ergebnis sind ganz unterschiedlich bunte Modelle, die wir euch gerne anbieten m\u00f6chten.<\/p>\n<\/div>\n<\/div>\n\n\n\n<hr class=\"wp-block-separator\"\/>\n\n\n\n<div class=\"wp-block-columns is-layout-flex wp-container-core-columns-is-layout-9d6595d7 wp-block-columns-is-layout-flex\">\n<div class=\"wp-block-column is-layout-flow wp-block-column-is-layout-flow\" style=\"flex-basis:33.33%\">\n<figure class=\"wp-block-image size-full\"><img loading=\"lazy\" decoding=\"async\" width=\"384\" height=\"497\" src=\"https:\/\/www.fair.zone\/wp-content\/uploads\/2020\/03\/fair_trade_G.jpg\" alt=\"I made your bag\" class=\"wp-image-505\"\/><\/figure>\n<\/div>\n\n\n\n<div class=\"wp-block-column is-layout-flow wp-block-column-is-layout-flow\" style=\"flex-basis:66.66%\">\n<h2 class=\"wp-block-heading\">Rice &amp; Carry: nachhaltige Kooperation mit Sri Lanka<\/h2>\n\n\n\n<p>Eine wunderbare Kooperation f\u00fcr die gemeinsame Sache. Das beschreibt am besten, was hinter FAIR SQUARED und Rice &amp; Carry steckt. Die Geschichte beginnt im Fr\u00fchling 2019, als zwei Menschen von FAIR SQUARED und FAIR ZONE auf Dienstreise in Sri Lanka unterwegs waren. Im Vorfeld auf das Projekt Rice &amp; Carry aufmerksam geworden, machten sich Oliver und Eldad auf den Weg an die Ostk\u00fcste, um das Gr\u00fcnderpaar kennenzulernen.<\/p>\n\n\n\n<h2 class=\"wp-block-heading\">Gemeinsam etwas FAIR\u00e4ndern<\/h2>\n\n\n\n<p>Es brauchte nicht lange, um den Wunsch zu formulieren, mit Henry und Susi etwas Gemeinsames auf die Beine zu stellen. Denn die beiden Firmengr\u00fcnder, die schon einige Jahre an der sch\u00f6nen Ostk\u00fcste Sri Lankas lebten, verfolgten ebenfalls die Vision, faire Arbeitsbedingungen mit \u00f6kologischem Mehrwert zu verkn\u00fcpfen. Seit 2019 ist Rice &amp; Carry \u00fcbrigens ganz offiziell fair: Die Initiative wurde Mitglied der World Fair Trade Organization (WFTO).<\/p>\n\n\n\n<h2 class=\"wp-block-heading\">Upcycling statt wegwerfen: FAIR ZONE meets Rice &amp; Carry<\/h2>\n\n\n\n<p>Alles, was unter dem Label Rice &amp; Carry verkauft wird, hat seinen Ursprung in Abf\u00e4llen wie ausrangierten Reiss\u00e4cken oder Deckeln von gesammelten Plastikflaschen. Die Idee dahinter: den Dingen eine neue Aufgabe zu \u00fcbertragen und dem M\u00fcllaufkommen aktiv entgegenzuwirken. So entstanden die FAIR ZONE Produkte aus <a href=\"https:\/\/www.fair.zone\/de\/p\/furoshiki\/\">recycelten Saris<\/a> und andere nachhaltige Dinge, die wir euch auf der <a rel=\"noreferrer noopener\" href=\"https:\/\/www.riceandcarry.eu\/de\/produkte\/\" target=\"_blank\">Rice &amp; Carry Website<\/a> exklusiv anbieten m\u00f6chten.<\/p>\n<\/div>\n<\/div>\n\n\n\n<hr class=\"wp-block-separator\"\/>\n\n\n\n<div class=\"wp-block-columns is-layout-flex wp-container-core-columns-is-layout-9d6595d7 wp-block-columns-is-layout-flex\">\n<div class=\"wp-block-column is-layout-flow wp-block-column-is-layout-flow\" style=\"flex-basis:33.33%\">\n<figure class=\"wp-block-image size-full\"><img loading=\"lazy\" decoding=\"async\" width=\"383\" height=\"270\" src=\"https:\/\/www.fair.zone\/wp-content\/uploads\/2023\/12\/FSQ-1.jpg\" alt=\"\" class=\"wp-image-5511\"\/><\/figure>\n<\/div>\n\n\n\n<div class=\"wp-block-column is-layout-flow wp-block-column-is-layout-flow\" style=\"flex-basis:66.66%\">\n<h2 class=\"wp-block-heading\">FAIR SQUARED &#8211; Fair auf allen Ebenen<\/h2>\n\n\n\n<p>Fair Squared ist ein Unternehmen, das sich auf die Herstellung und den Vertrieb von fair gehandelten Produkten spezialisiert hat. Ihr Fokus liegt darauf, gerechte Arbeitsbedingungen und umweltfreundliche Praktiken zu f\u00f6rdern. Mit einem breiten Sortiment, das von Kosmetikprodukten bis zu Hygiene reicht, engagiert sich Fair Squared f\u00fcr soziale Verantwortung und Nachhaltigkeit.<\/p>\n<\/div>\n<\/div>\n","protected":false},"excerpt":{"rendered":"<p>Partner Brands FAIRMOVE \u2013 trendige Freizeitartikel aus fairem Handel Hobby und Freizeit, Sport und geistige Fitness \u2013 all das vereint die Marke FAIRMOVE mit ihren Produkten. Ein bisschen spirituell, ein bisschen back to the roots und ganz sicher fair zu den Produzent*innen. Die neugegr\u00fcndete Lifestyle-Marke richtet sich an [&hellip;]<\/p>\n","protected":false},"author":3,"featured_media":0,"parent":16,"menu_order":5,"comment_status":"closed","ping_status":"closed","template":"","meta":{"_acf_changed":false,"footnotes":""},"class_list":["post-47","page","type-page","status-publish","hentry"],"acf":[],"_links":{"self":[{"href":"https:\/\/www.fair.zone\/de\/wp-json\/wp\/v2\/pages\/47","targetHints":{"allow":["GET"]}}],"collection":[{"href":"https:\/\/www.fair.zone\/de\/wp-json\/wp\/v2\/pages"}],"about":[{"href":"https:\/\/www.fair.zone\/de\/wp-json\/wp\/v2\/types\/page"}],"author":[{"embeddable":true,"href":"https:\/\/www.fair.zone\/de\/wp-json\/wp\/v2\/users\/3"}],"replies":[{"embeddable":true,"href":"https:\/\/www.fair.zone\/de\/wp-json\/wp\/v2\/comments?post=47"}],"version-history":[{"count":31,"href":"https:\/\/www.fair.zone\/de\/wp-json\/wp\/v2\/pages\/47\/revisions"}],"predecessor-version":[{"id":5521,"href":"https:\/\/www.fair.zone\/de\/wp-json\/wp\/v2\/pages\/47\/revisions\/5521"}],"up":[{"embeddable":true,"href":"https:\/\/www.fair.zone\/de\/wp-json\/wp\/v2\/pages\/16"}],"wp:attachment":[{"href":"https:\/\/www.fair.zone\/de\/wp-json\/wp\/v2\/media?parent=47"}],"curies":[{"name":"wp","href":"https:\/\/api.w.org\/{rel}","templated":true}]}}