{"id":938,"date":"2020-04-02T15:54:58","date_gmt":"2020-04-02T13:54:58","guid":{"rendered":"https:\/\/www.fair.zone\/?page_id=938"},"modified":"2020-10-07T15:59:24","modified_gmt":"2020-10-07T13:59:24","slug":"fair-trade-world-organisation","status":"publish","type":"page","link":"https:\/\/www.fair.zone\/de\/partner\/fair-trade-world-organisation\/","title":{"rendered":"World Fair Trade Organization"},"content":{"rendered":"\n<div style=\"height:50px\" aria-hidden=\"true\" class=\"wp-block-spacer\"><\/div>\n\n\n\n<div class=\"wp-block-columns orange is-layout-flex wp-container-core-columns-is-layout-9d6595d7 wp-block-columns-is-layout-flex\">\n<div class=\"wp-block-column is-layout-flow wp-block-column-is-layout-flow\" style=\"flex-basis:33.33%\">\n<figure class=\"wp-block-image size-large\"><img loading=\"lazy\" decoding=\"async\" width=\"384\" height=\"270\" src=\"https:\/\/www.fair.zone\/wp-content\/uploads\/2020\/04\/FTWO.jpg\" alt=\"World Fair Trade Organisation\" class=\"wp-image-903\"\/><\/figure>\n<\/div>\n\n\n\n<div class=\"wp-block-column is-layout-flow wp-block-column-is-layout-flow\" style=\"flex-basis:66.66%\">\n<h1 class=\"wp-block-heading\">World Fair Trade Organization: global vernetzt<\/h1>\n\n\n\n<p> Hinter der WFTO steckt das globale Netzwerk f\u00fcr fairen Handel aus Organisationen in \u00fcber 70 L\u00e4ndern. Von H\u00e4ndler*innen und Exporteur*innen bis zu Produzent*innen-Kooperativen und Einzelh\u00e4ndler*innen sind hier alle miteinander verkn\u00fcpft, die sich zur Fair-Trade-Bewegung z\u00e4hlen.<\/p>\n<\/div>\n<\/div>\n\n\n\n<div class=\"wp-block-columns is-layout-flex wp-container-core-columns-is-layout-9d6595d7 wp-block-columns-is-layout-flex\">\n<div class=\"wp-block-column is-layout-flow wp-block-column-is-layout-flow\" style=\"flex-basis:33.33%\">\n<figure class=\"wp-block-image size-large\"><img loading=\"lazy\" decoding=\"async\" width=\"384\" height=\"497\" src=\"https:\/\/www.fair.zone\/wp-content\/uploads\/2020\/03\/furoshiki.jpg\" alt=\"Furoshiki\" class=\"wp-image-503\"\/><\/figure>\n<\/div>\n\n\n\n<div class=\"wp-block-column is-layout-flow wp-block-column-is-layout-flow\" style=\"flex-basis:66.66%\">\n<p>Das gemeinsame Ziel: die Gerechtigkeit im Welthandel zu st\u00e4rken und durch die B\u00fcndelung der Akteur*innen einen gr\u00f6\u00dferen Einfluss auf die Verbesserung der sozialen Situation der Menschen im &#8222;globalen S\u00fcden&#8220; nehmen zu k\u00f6nnen.  <\/p>\n\n\n\n<h2 class=\"wp-block-heading\">Organisationen im fairen Handel<\/h2>\n\n\n\n<p> Im Vergleich zum Fairtrade-Siegel k\u00f6nnen sich Organisationen mit dem WFTO-Siegel ausgezeichnen lassen, die im fairen Handel aktiv sind. Es ist kein reines Produktsiegel.   <\/p>\n<\/div>\n<\/div>\n","protected":false},"excerpt":{"rendered":"<p>World Fair Trade Organization: global vernetzt Hinter der WFTO steckt das globale Netzwerk f\u00fcr fairen Handel aus Organisationen in \u00fcber 70 L\u00e4ndern. Von H\u00e4ndler*innen und Exporteur*innen bis zu Produzent*innen-Kooperativen und Einzelh\u00e4ndler*innen sind hier alle miteinander verkn\u00fcpft, die sich zur Fair-Trade-Bewegung z\u00e4hlen. Das gemeinsame Ziel: die Gerechtigkeit im Welthandel [&hellip;]<\/p>\n","protected":false},"author":3,"featured_media":0,"parent":16,"menu_order":4,"comment_status":"closed","ping_status":"closed","template":"","meta":{"_acf_changed":false,"footnotes":""},"class_list":["post-938","page","type-page","status-publish","hentry"],"acf":[],"_links":{"self":[{"href":"https:\/\/www.fair.zone\/de\/wp-json\/wp\/v2\/pages\/938","targetHints":{"allow":["GET"]}}],"collection":[{"href":"https:\/\/www.fair.zone\/de\/wp-json\/wp\/v2\/pages"}],"about":[{"href":"https:\/\/www.fair.zone\/de\/wp-json\/wp\/v2\/types\/page"}],"author":[{"embeddable":true,"href":"https:\/\/www.fair.zone\/de\/wp-json\/wp\/v2\/users\/3"}],"replies":[{"embeddable":true,"href":"https:\/\/www.fair.zone\/de\/wp-json\/wp\/v2\/comments?post=938"}],"version-history":[{"count":1,"href":"https:\/\/www.fair.zone\/de\/wp-json\/wp\/v2\/pages\/938\/revisions"}],"predecessor-version":[{"id":3067,"href":"https:\/\/www.fair.zone\/de\/wp-json\/wp\/v2\/pages\/938\/revisions\/3067"}],"up":[{"embeddable":true,"href":"https:\/\/www.fair.zone\/de\/wp-json\/wp\/v2\/pages\/16"}],"wp:attachment":[{"href":"https:\/\/www.fair.zone\/de\/wp-json\/wp\/v2\/media?parent=938"}],"curies":[{"name":"wp","href":"https:\/\/api.w.org\/{rel}","templated":true}]}}